{"id":1184,"date":"2022-07-12T14:19:06","date_gmt":"2022-07-12T12:19:06","guid":{"rendered":"https:\/\/rco.be\/?page_id=1184"},"modified":"2023-07-12T14:38:27","modified_gmt":"2023-07-12T12:38:27","slug":"sitemap","status":"publish","type":"page","link":"https:\/\/rco.be\/en\/rco\/sitemap\/","title":{"rendered":"Sitemap"},"content":{"rendered":"<div class=\"wpb-content-wrapper\"><div class=\"vc_row wpb_row vc_row-fluid\"><div class=\"wpb_column vc_column_container vc_col-sm-12\"><div class=\"vc_column-inner\"><div class=\"wpb_wrapper\"><div id=\"ultimate-heading-312869eb2f6c4306a\" class=\"uvc-heading ult-adjust-bottom-margin ultimate-heading-312869eb2f6c4306a uvc-4774  uvc-heading-default-font-sizes\" data-hspacer=\"line_only\"  data-halign=\"center\" style=\"text-align:center\"><div class=\"uvc-main-heading ult-responsive\"  data-ultimate-target='.uvc-heading.ultimate-heading-312869eb2f6c4306a h2'  data-responsive-json-new='{\"font-size\":\"\",\"line-height\":\"\"}' ><h2 style=\"--font-weight:theme;margin-bottom:15px;\">Voici la structure du site web de RCO<\/h2><\/div><div class=\"uvc-heading-spacer line_only\" style=\"margin-bottom:15px;height:2px;\"><span class=\"uvc-headings-line\" style=\"border-style:solid;border-bottom-width:2px;border-color:#233660;width:200px;\"><\/span><\/div><\/div>\n\t<div class=\"wpb_text_column wpb_content_element  vc_custom_1689165505148\" >\n\t\t<div class=\"wpb_wrapper\">\n\t\t\t<p><a href=\"https:\/\/rco.be\/en\/\" target=\"_blank\" rel=\"noopener\">RCO<\/a><\/p>\n<ul>\n<li><a href=\"https:\/\/rco.be\/en\/rco\/qui-sommes-nous\/\" target=\"_blank\" rel=\"noopener\">Who are we?<\/a>\n<ul>\n<li><a href=\"https:\/\/rco.be\/en\/rco\/qui-sommes-nous\/histoire\/\" target=\"_blank\" rel=\"noopener\">Our story<\/a><\/li>\n<li><a href=\"https:\/\/rco.be\/en\/rco\/qui-sommes-nous\/equipe\/\" target=\"_blank\" rel=\"noopener\">Our team<\/a>\n<ul>\n<li><a href=\"https:\/\/rco.be\/en\/notre-equipe\/vincent-gerlache\/\" target=\"_blank\" rel=\"noopener\">Vincent Gerlache<\/a><\/li>\n<li><a href=\"https:\/\/rco.be\/en\/notre-equipe\/sophie-asterion\/\" target=\"_blank\" rel=\"noopener\">Sophie Ast\u00e9rion<\/a><\/li>\n<li><a href=\"https:\/\/rco.be\/en\/notre-equipe\/olivier-vanden-acker\/\" target=\"_blank\" rel=\"noopener\">Olivier Vanden Acker<\/a><\/li>\n<li><a href=\"https:\/\/rco.be\/en\/notre-equipe\/jean-philippe-ollig\/\" target=\"_blank\" rel=\"noopener\">Jean-Philippe Ollig<\/a><\/li>\n<li><a href=\"https:\/\/rco.be\/en\/notre-equipe\/loic-forconi\/\" target=\"_blank\" rel=\"noopener\">Loic Forconi<\/a><\/li>\n<\/ul>\n<\/li>\n<li><a href=\"https:\/\/rco.be\/en\/rco\/qui-sommes-nous\/services\/\" target=\"_blank\" rel=\"noopener\">Our services<\/a><\/li>\n<li><a href=\"https:\/\/rco.be\/en\/rco\/qui-sommes-nous\/actualites\/\" target=\"_blank\" rel=\"noopener\">News<\/a><\/li>\n<\/ul>\n<\/li>\n<li><a href=\"https:\/\/rco.be\/en\/rco\/solutions-entreprises\/\" target=\"_blank\" rel=\"noopener\">For business<\/a>\n<ul>\n<li><a href=\"https:\/\/rco.be\/en\/rco\/solutions-entreprises\/affichage-professionnel\/\" target=\"_blank\" rel=\"noopener\">Projecteurs et \u00e9crans d\u2019affichage professionnels<\/a><\/li>\n<li><a href=\"https:\/\/rco.be\/en\/rco\/solutions-entreprises\/ecrans-professionnels\/\" target=\"_blank\" rel=\"noopener\">\u00c9crans interactifs professionnels<\/a><\/li>\n<li><a href=\"https:\/\/rco.be\/en\/rco\/solutions-entreprises\/visioconference\/\" target=\"_blank\" rel=\"noopener\">Syst\u00e8mes de visioconf\u00e9rence<\/a><\/li>\n<li><a href=\"https:\/\/rco.be\/en\/rco\/solutions-entreprises\/presentation-sans-fil\/\" target=\"_blank\" rel=\"noopener\">Solutions de pr\u00e9sentation sans fil<\/a><\/li>\n<li><a href=\"https:\/\/rco.be\/en\/rco\/solutions-entreprises\/sonorisation-microphone\/\" target=\"_blank\" rel=\"noopener\">Sonorisation de salles et microphones<\/a><\/li>\n<li><a href=\"https:\/\/rco.be\/en\/rco\/solutions-entreprises\/reservation-salle\/\" target=\"_blank\" rel=\"noopener\">Syst\u00e8mes de r\u00e9servation de salles<\/a><\/li>\n<\/ul>\n<\/li>\n<li><a href=\"https:\/\/rco.be\/en\/rco\/solutions-education\/\" target=\"_blank\" rel=\"noopener\">Pour l&rsquo;\u00e9ducation<\/a>\n<ul>\n<li><a href=\"https:\/\/rco.be\/en\/rco\/solutions-education\/ecrans-interactifs\/\" target=\"_blank\" rel=\"noopener\">Interactive displays<\/a><\/li>\n<li><a href=\"https:\/\/rco.be\/en\/rco\/solutions-education\/tbi\/\" target=\"_blank\" rel=\"noopener\">Interactive whiteboards<\/a><\/li>\n<li><a href=\"https:\/\/rco.be\/en\/rco\/solutions-education\/apprentissage-numerique\/\" target=\"_blank\" rel=\"noopener\">Digital learning tools<\/a><\/li>\n<li><a href=\"https:\/\/rco.be\/en\/rco\/solutions-education\/laboratoires-langues\/\" target=\"_blank\" rel=\"noopener\">Language labs<\/a><\/li>\n<li><a href=\"https:\/\/rco.be\/en\/rco\/solutions-education\/salles-informatiques\/\" target=\"_blank\" rel=\"noopener\">Computer rooms<\/a><\/li>\n<li><a href=\"https:\/\/rco.be\/en\/rco\/solutions-education\/solutions-auditoires\/\" target=\"_blank\" rel=\"noopener\">Auditorium solutions<\/a><\/li>\n<\/ul>\n<\/li>\n<li><a href=\"https:\/\/rco.be\/en\/rco\/references\/\" target=\"_blank\" rel=\"noopener\">References<\/a>\n<ul>\n<li><a href=\"https:\/\/rco.be\/en\/rco\/references\/realisations\/\" target=\"_blank\" rel=\"noopener\">Our achievements<\/a><\/li>\n<li><a href=\"https:\/\/rco.be\/en\/rco\/references\/clients-existants\/\" target=\"_blank\" rel=\"noopener\">Our clients<\/a><\/li>\n<\/ul>\n<\/li>\n<li><a href=\"https:\/\/rco.be\/en\/rco\/aide\/\" target=\"_blank\" rel=\"noopener\">Support<\/a>\n<ul>\n<li><a href=\"https:\/\/rco-support.be\/en_GB\/service-apres-vente\" target=\"_blank\" rel=\"noopener\">Services apr\u00e8s-vente<\/a><\/li>\n<li><a href=\"https:\/\/rco.be\/en\/rco\/aide\/telechargements\/\" target=\"_blank\" rel=\"noopener\">Downloads<\/a>\n<ul>\n<li><a href=\"https:\/\/rco.be\/en\/rco\/aide\/telechargements\/smart\/\" target=\"_blank\" rel=\"noopener\">Smart<\/a><\/li>\n<li><a href=\"https:\/\/rco.be\/en\/rco\/aide\/telechargements\/aver\/\" target=\"_blank\" rel=\"noopener\">Aver<\/a><\/li>\n<li><a href=\"https:\/\/rco.be\/en\/rco\/aide\/telechargements\/epson\/\" target=\"_blank\" rel=\"noopener\">EPSON<\/a><\/li>\n<li><a href=\"https:\/\/rco.be\/en\/rco\/aide\/telechargements\/sanako\/\" target=\"_blank\" rel=\"noopener\">Sanako<\/a><\/li>\n<li><a href=\"https:\/\/rco.be\/en\/rco\/aide\/telechargements\/optoma\/\" target=\"_blank\" rel=\"noopener\">Optoma<\/a><\/li>\n<\/ul>\n<\/li>\n<li><a href=\"https:\/\/rco.be\/en\/rco\/aide\/faq\/\" target=\"_blank\" rel=\"noopener\">Frequently asked questions<\/a><\/li>\n<\/ul>\n<\/li>\n<li><a href=\"https:\/\/rco.be\/en\/rco\/contact\/\" target=\"_blank\" rel=\"noopener\">Contactez votre \u00e9quipe de professionnel<\/a>\n<ul>\n<li><a href=\"https:\/\/rco.be\/en\/rco\/contact\/informations\/\" target=\"_blank\" rel=\"noopener\">Practical information<\/a><\/li>\n<li><a href=\"https:\/\/rco.be\/en\/rco\/contact\/reservation-demonstration\/\" target=\"_blank\" rel=\"noopener\">Book a demonstration<\/a><\/li>\n<li><a href=\"https:\/\/rco.be\/en\/rco\/contact\/rejoindre-equipe\/\" target=\"_blank\" rel=\"noopener\">Rejoindre l&rsquo;\u00e9quipe<\/a>\n<ul>\n<li><a href=\"https:\/\/rco.be\/en\/rco\/contact\/rejoindre-equipe\/offres-emploi\/\" target=\"_blank\" rel=\"noopener\">Nos offres d&#8217;emploi<\/a><\/li>\n<li><a href=\"https:\/\/rco.be\/en\/rco\/contact\/rejoindre-equipe\/candidatures-spontanees\/\" target=\"_blank\" rel=\"noopener\">Candidatures spontan\u00e9es<\/a><\/li>\n<\/ul>\n<\/li>\n<\/ul>\n<\/li>\n<\/ul>\n\n\t\t<\/div>\n\t<\/div>\n<\/div><\/div><\/div><\/div><div data-vc-full-width=\"true\" data-vc-full-width-temp=\"true\" data-vc-full-width-init=\"false\" class=\"vc_row wpb_row vc_row-fluid vc_custom_1657629734499 vc_row-has-fill\"><div class=\"wpb_column vc_column_container vc_col-sm-6\"><div class=\"vc_column-inner vc_custom_1656599797899\"><div class=\"wpb_wrapper\"><\/div><\/div><\/div><div class=\"wpb_column vc_column_container vc_col-sm-6\"><div class=\"vc_column-inner vc_custom_1656599804391\"><div class=\"wpb_wrapper\"><style type=\"text\/css\" data-type=\"the7_shortcodes-inline-css\">#default-btn-edcf8dec41efa45a3d564be3db6ed9fd {\n  font-size: 14px;\n  line-height: 16px;\n  font-weight: bold;\n  padding: 4px 0px 4px 0px;\n}\n#default-btn-edcf8dec41efa45a3d564be3db6ed9fd.ico-right-side > i {\n  margin-right: 0px;\n  margin-left: 8px;\n}\n#default-btn-edcf8dec41efa45a3d564be3db6ed9fd:after {\n  height: 2px;\n}\n#default-btn-edcf8dec41efa45a3d564be3db6ed9fd > i {\n  margin-right: 8px;\n  font-size: 11px;\n}\n#default-btn-edcf8dec41efa45a3d564be3db6ed9fd.ico-right-side > i {\n  margin-right: 0px;\n  margin-left: 8px;\n}\n#default-btn-edcf8dec41efa45a3d564be3db6ed9fd > i {\n  margin-right: 8px;\n}<\/style><div class=\"btn-align-right\"><a href=\"https:\/\/rco.be\/en\/\" class=\"default-btn-shortcode dt-btn-link link-hover-off upwards-line\" id=\"default-btn-edcf8dec41efa45a3d564be3db6ed9fd\" title=\"RCO\"><span>Revenir \u00e0 la page d&rsquo;accueil<\/span><\/a><\/div><\/div><\/div><\/div><\/div><div class=\"vc_row-full-width vc_clearfix\"><\/div><!-- Row Backgrounds --><div class=\"upb_color\" data-bg-override=\"ex-full\" data-bg-color=\"#f0f1f2\" data-fadeout=\"\" data-fadeout-percentage=\"30\" data-parallax-content=\"\" data-parallax-content-sense=\"30\" data-row-effect-mobile-disable=\"true\" data-img-parallax-mobile-disable=\"true\" data-rtl=\"false\"  data-custom-vc-row=\"\"  data-vc=\"8.7.2\"  data-is_old_vc=\"\"  data-theme-support=\"\"   data-overlay=\"false\" data-overlay-color=\"\" data-overlay-pattern=\"\" data-overlay-pattern-opacity=\"\" data-overlay-pattern-size=\"\"    ><\/div>\n<\/div>","protected":false},"excerpt":{"rendered":"<p>Voici la structure du site web de RCO RCO Qui sommes-nous ? Notre histoire Notre \u00e9quipe Vincent Gerlache Sophie Ast\u00e9rion Olivier Vanden Acker Jean-Philippe Ollig Loic Forconi Nos services Actualit\u00e9s Pour les entreprises Projecteurs et \u00e9crans d\u2019affichage professionnels \u00c9crans interactifs professionnels Syst\u00e8mes de visioconf\u00e9rence Solutions de pr\u00e9sentation sans fil Sonorisation de salles et microphones Syst\u00e8mes&hellip;<\/p>","protected":false},"author":1,"featured_media":0,"parent":17,"menu_order":0,"comment_status":"closed","ping_status":"closed","template":"","meta":{"footnotes":""},"class_list":["post-1184","page","type-page","status-publish","hentry","description-off"],"yoast_head":"<!-- This site is optimized with the Yoast SEO plugin v27.1.1 - https:\/\/yoast.com\/product\/yoast-seo-wordpress\/ -->\n<title>Sitemap - RCO<\/title>\n<meta name=\"robots\" content=\"index, follow, max-snippet:-1, max-image-preview:large, max-video-preview:-1\" \/>\n<link rel=\"canonical\" href=\"https:\/\/rco.be\/en\/rco\/sitemap\/\" \/>\n<meta property=\"og:locale\" content=\"en_GB\" \/>\n<meta property=\"og:type\" content=\"article\" \/>\n<meta property=\"og:title\" content=\"Sitemap - RCO\" \/>\n<meta property=\"og:url\" content=\"https:\/\/rco.be\/en\/rco\/sitemap\/\" \/>\n<meta property=\"og:site_name\" content=\"RCO\" \/>\n<meta property=\"article:publisher\" content=\"https:\/\/www.facebook.com\/RCOSMART\/\" \/>\n<meta property=\"article:modified_time\" content=\"2023-07-12T12:38:27+00:00\" \/>\n<meta name=\"twitter:card\" content=\"summary_large_image\" \/>\n<meta name=\"twitter:label1\" content=\"Estimated reading time\" \/>\n\t<meta name=\"twitter:data1\" content=\"1 minute\" \/>\n<script type=\"application\/ld+json\" class=\"yoast-schema-graph\">{\"@context\":\"https:\/\/schema.org\",\"@graph\":[{\"@type\":\"WebPage\",\"@id\":\"https:\/\/rco.be\/rco\/sitemap\/\",\"url\":\"https:\/\/rco.be\/rco\/sitemap\/\",\"name\":\"Sitemap - RCO\",\"isPartOf\":{\"@id\":\"https:\/\/rco.be\/#website\"},\"datePublished\":\"2022-07-12T12:19:06+00:00\",\"dateModified\":\"2023-07-12T12:38:27+00:00\",\"breadcrumb\":{\"@id\":\"https:\/\/rco.be\/rco\/sitemap\/#breadcrumb\"},\"inLanguage\":\"en-GB\",\"potentialAction\":[{\"@type\":\"ReadAction\",\"target\":[\"https:\/\/rco.be\/rco\/sitemap\/\"]}]},{\"@type\":\"BreadcrumbList\",\"@id\":\"https:\/\/rco.be\/rco\/sitemap\/#breadcrumb\",\"itemListElement\":[{\"@type\":\"ListItem\",\"position\":1,\"name\":\"Accueil\",\"item\":\"https:\/\/rco.be\/\"},{\"@type\":\"ListItem\",\"position\":2,\"name\":\"RCO\",\"item\":\"https:\/\/rco.be\/\"},{\"@type\":\"ListItem\",\"position\":3,\"name\":\"Sitemap\"}]},{\"@type\":\"WebSite\",\"@id\":\"https:\/\/rco.be\/#website\",\"url\":\"https:\/\/rco.be\/\",\"name\":\"RCO\",\"description\":\"Concepteur de projets audiovisuels\",\"publisher\":{\"@id\":\"https:\/\/rco.be\/#organization\"},\"potentialAction\":[{\"@type\":\"SearchAction\",\"target\":{\"@type\":\"EntryPoint\",\"urlTemplate\":\"https:\/\/rco.be\/?s={search_term_string}\"},\"query-input\":{\"@type\":\"PropertyValueSpecification\",\"valueRequired\":true,\"valueName\":\"search_term_string\"}}],\"inLanguage\":\"en-GB\"},{\"@type\":\"Organization\",\"@id\":\"https:\/\/rco.be\/#organization\",\"name\":\"RCO\",\"url\":\"https:\/\/rco.be\/\",\"logo\":{\"@type\":\"ImageObject\",\"inLanguage\":\"en-GB\",\"@id\":\"https:\/\/rco.be\/#\/schema\/logo\/image\/\",\"url\":\"https:\/\/rco.be\/wp-content\/uploads\/2022\/06\/logo-rco-couleur-hd.png\",\"contentUrl\":\"https:\/\/rco.be\/wp-content\/uploads\/2022\/06\/logo-rco-couleur-hd.png\",\"width\":266,\"height\":100,\"caption\":\"RCO\"},\"image\":{\"@id\":\"https:\/\/rco.be\/#\/schema\/logo\/image\/\"},\"sameAs\":[\"https:\/\/www.facebook.com\/RCOSMART\/\"]}]}<\/script>\n<!-- \/ Yoast SEO plugin. -->","yoast_head_json":{"title":"Sitemap - RCO","robots":{"index":"index","follow":"follow","max-snippet":"max-snippet:-1","max-image-preview":"max-image-preview:large","max-video-preview":"max-video-preview:-1"},"canonical":"https:\/\/rco.be\/en\/rco\/sitemap\/","og_locale":"en_GB","og_type":"article","og_title":"Sitemap - RCO","og_url":"https:\/\/rco.be\/en\/rco\/sitemap\/","og_site_name":"RCO","article_publisher":"https:\/\/www.facebook.com\/RCOSMART\/","article_modified_time":"2023-07-12T12:38:27+00:00","twitter_card":"summary_large_image","twitter_misc":{"Estimated reading time":"1 minute"},"schema":{"@context":"https:\/\/schema.org","@graph":[{"@type":"WebPage","@id":"https:\/\/rco.be\/rco\/sitemap\/","url":"https:\/\/rco.be\/rco\/sitemap\/","name":"Sitemap - RCO","isPartOf":{"@id":"https:\/\/rco.be\/#website"},"datePublished":"2022-07-12T12:19:06+00:00","dateModified":"2023-07-12T12:38:27+00:00","breadcrumb":{"@id":"https:\/\/rco.be\/rco\/sitemap\/#breadcrumb"},"inLanguage":"en-GB","potentialAction":[{"@type":"ReadAction","target":["https:\/\/rco.be\/rco\/sitemap\/"]}]},{"@type":"BreadcrumbList","@id":"https:\/\/rco.be\/rco\/sitemap\/#breadcrumb","itemListElement":[{"@type":"ListItem","position":1,"name":"Accueil","item":"https:\/\/rco.be\/"},{"@type":"ListItem","position":2,"name":"RCO","item":"https:\/\/rco.be\/"},{"@type":"ListItem","position":3,"name":"Sitemap"}]},{"@type":"WebSite","@id":"https:\/\/rco.be\/#website","url":"https:\/\/rco.be\/","name":"RCO","description":"Audiovisual Project Designer","publisher":{"@id":"https:\/\/rco.be\/#organization"},"potentialAction":[{"@type":"SearchAction","target":{"@type":"EntryPoint","urlTemplate":"https:\/\/rco.be\/?s={search_term_string}"},"query-input":{"@type":"PropertyValueSpecification","valueRequired":true,"valueName":"search_term_string"}}],"inLanguage":"en-GB"},{"@type":"Organization","@id":"https:\/\/rco.be\/#organization","name":"RCO","url":"https:\/\/rco.be\/","logo":{"@type":"ImageObject","inLanguage":"en-GB","@id":"https:\/\/rco.be\/#\/schema\/logo\/image\/","url":"https:\/\/rco.be\/wp-content\/uploads\/2022\/06\/logo-rco-couleur-hd.png","contentUrl":"https:\/\/rco.be\/wp-content\/uploads\/2022\/06\/logo-rco-couleur-hd.png","width":266,"height":100,"caption":"RCO"},"image":{"@id":"https:\/\/rco.be\/#\/schema\/logo\/image\/"},"sameAs":["https:\/\/www.facebook.com\/RCOSMART\/"]}]}},"_links":{"self":[{"href":"https:\/\/rco.be\/en\/wp-json\/wp\/v2\/pages\/1184","targetHints":{"allow":["GET"]}}],"collection":[{"href":"https:\/\/rco.be\/en\/wp-json\/wp\/v2\/pages"}],"about":[{"href":"https:\/\/rco.be\/en\/wp-json\/wp\/v2\/types\/page"}],"author":[{"embeddable":true,"href":"https:\/\/rco.be\/en\/wp-json\/wp\/v2\/users\/1"}],"replies":[{"embeddable":true,"href":"https:\/\/rco.be\/en\/wp-json\/wp\/v2\/comments?post=1184"}],"version-history":[{"count":13,"href":"https:\/\/rco.be\/en\/wp-json\/wp\/v2\/pages\/1184\/revisions"}],"predecessor-version":[{"id":3654,"href":"https:\/\/rco.be\/en\/wp-json\/wp\/v2\/pages\/1184\/revisions\/3654"}],"up":[{"embeddable":true,"href":"https:\/\/rco.be\/en\/wp-json\/wp\/v2\/pages\/17"}],"wp:attachment":[{"href":"https:\/\/rco.be\/en\/wp-json\/wp\/v2\/media?parent=1184"}],"curies":[{"name":"wp","href":"https:\/\/api.w.org\/{rel}","templated":true}]}}