{"id":1308,"date":"2022-07-14T15:22:28","date_gmt":"2022-07-14T13:22:28","guid":{"rendered":"https:\/\/rco.be\/?page_id=1308"},"modified":"2025-11-21T09:29:34","modified_gmt":"2025-11-21T08:29:34","slug":"politique-cookies","status":"publish","type":"page","link":"https:\/\/rco.be\/en\/rco\/politique-cookies\/","title":{"rendered":"Politique cookies"},"content":{"rendered":"<div class=\"wpb-content-wrapper\"><div class=\"vc_row wpb_row vc_row-fluid vc_custom_1666127521034\"><div class=\"wpb_column vc_column_container vc_col-sm-12\"><div class=\"vc_column-inner\"><div class=\"wpb_wrapper\">\n\t<div class=\"wpb_text_column wpb_content_element  vc_custom_1763713762608\" >\n\t\t<div class=\"wpb_wrapper\">\n\t\t\t<p style=\"text-align: justify;\">Document interne \u00e0 l\u2019entreprise RCO SA NV dont le si\u00e8ge social est \u00e9tabli 799 Chauss\u00e9e de Marche 5100 Namur et inscrite \u00e0 la Banque-carrefour des entreprises sous le num\u00e9ro BE 0411.571.592, repr\u00e9sent\u00e9e par GERLACHE Vincent.<\/p>\n\n\t\t<\/div>\n\t<\/div>\n<div class=\"hr-thin style-dashed\" style=\"width: 100%;border-top-width: 2px;\"><\/div><div id=\"ultimate-heading-566369f09b5691848\" class=\"uvc-heading ult-adjust-bottom-margin ultimate-heading-566369f09b5691848 uvc-8893  uvc-heading-default-font-sizes\" data-hspacer=\"no_spacer\"  data-halign=\"left\" style=\"text-align:left\"><div class=\"uvc-heading-spacer no_spacer\" style=\"top\"><\/div><div class=\"uvc-main-heading ult-responsive\"  data-ultimate-target='.uvc-heading.ultimate-heading-566369f09b5691848 h2'  data-responsive-json-new='{\"font-size\":\"\",\"line-height\":\"\"}' ><h2 style=\"--font-weight:theme;margin-bottom:15px;\">Article 1er \u2013 Dispositions g\u00e9n\u00e9rales<\/h2><\/div><\/div>\n\t<div class=\"wpb_text_column wpb_content_element  vc_custom_1666127361929\" >\n\t\t<div class=\"wpb_wrapper\">\n\t\t\t<p style=\"text-align: justify;\">L\u2019entreprise utilise des cookies et autres technologies similaires, telles que les balises et pixels, en vue de l\u2019optimisation de l\u2019exp\u00e9rience utilisateur des visiteurs et clients enregistr\u00e9s (ci-apr\u00e8s : l&rsquo;utilisateur) sur le site web sous les domaines suivants : rco.be .<\/p>\n<p style=\"text-align: left;\">Les finalit\u00e9s sp\u00e9cifiques de l\u2019utilisation des cookies sont d\u00e9finies en d\u00e9tail \u00e0 l\u2019article 3.<\/p>\n\n\t\t<\/div>\n\t<\/div>\n<div class=\"hr-thin style-dashed\" style=\"width: 100%;border-top-width: 2px;\"><\/div><div id=\"ultimate-heading-512869f09b56919c4\" class=\"uvc-heading ult-adjust-bottom-margin ultimate-heading-512869f09b56919c4 uvc-4354  uvc-heading-default-font-sizes\" data-hspacer=\"no_spacer\"  data-halign=\"left\" style=\"text-align:left\"><div class=\"uvc-heading-spacer no_spacer\" style=\"top\"><\/div><div class=\"uvc-main-heading ult-responsive\"  data-ultimate-target='.uvc-heading.ultimate-heading-512869f09b56919c4 h2'  data-responsive-json-new='{\"font-size\":\"\",\"line-height\":\"\"}' ><h2 style=\"--font-weight:theme;margin-bottom:15px;\">Article 2 \u2013 Cookie d\u2019identification<\/h2><\/div><\/div>\n\t<div class=\"wpb_text_column wpb_content_element  vc_custom_1666127372486\" >\n\t\t<div class=\"wpb_wrapper\">\n\t\t\t<p style=\"text-align: justify;\">2.1. Un cookie est un petit fichier qui est enregistr\u00e9 sur l\u2019appareil de l\u2019utilisateur. Il permet \u00e0 l\u2019entreprise d\u2019identifier l\u2019appareil de l\u2019utilisateur et rend possible l\u2019utilisation de diverses fonctionnalit\u00e9s du site web, et notamment la connexion au compte de l\u2019utilisateur.<\/p>\n<p style=\"text-align: justify;\">2.2. Lors de la premi\u00e8re visite de l\u2019utilisateur sur le site web, une barre de notification sera affich\u00e9e sur la premi\u00e8re page pour attirer l\u2019attention de l\u2019utilisateur sur l\u2019existence des cookies et lui offrir la possibilit\u00e9 soit (1) de poursuivre sa visite sur le site web sans d\u00e9sactiver les cookies, soit (2) de quitter le site web, soit (3) de poursuivre sa visite sur le site web en d\u00e9sactivant un ou plusieurs cookies.<\/p>\n<p style=\"text-align: justify;\">2.3. Si l\u2019utilisateur ne souhaite pas recevoir de cookies, il peut modifier les param\u00e8tres du navigateur de l\u2019appareil \u00e0 l\u2019aide duquel il visite le site web. Si l\u2019utilisateur visite le site web sans modifier les param\u00e8tres de son navigateur, il sera suppos\u00e9 accepter la r\u00e9ception de tous les cookies sur le site web. L\u2019utilisateur doit tenir compte du fait que l\u2019exp\u00e9rience utilisateur et\/ou les fonctionnalit\u00e9s du site web ne seront pas optimales\/ne fonctionneront pas de mani\u00e8re optimale sans les cookies.<\/p>\n\n\t\t<\/div>\n\t<\/div>\n<div class=\"hr-thin style-dashed\" style=\"width: 100%;border-top-width: 2px;\"><\/div><div id=\"ultimate-heading-394569f09b5691b8e\" class=\"uvc-heading ult-adjust-bottom-margin ultimate-heading-394569f09b5691b8e uvc-1828  uvc-heading-default-font-sizes\" data-hspacer=\"no_spacer\"  data-halign=\"left\" style=\"text-align:left\"><div class=\"uvc-heading-spacer no_spacer\" style=\"top\"><\/div><div class=\"uvc-main-heading ult-responsive\"  data-ultimate-target='.uvc-heading.ultimate-heading-394569f09b5691b8e h2'  data-responsive-json-new='{\"font-size\":\"\",\"line-height\":\"\"}' ><h2 style=\"--font-weight:theme;margin-bottom:15px;\">Article 3 \u2013 Justification du traitement<\/h2><\/div><\/div>\n\t<div class=\"wpb_text_column wpb_content_element  vc_custom_1666127383978\" >\n\t\t<div class=\"wpb_wrapper\">\n\t\t\t<p style=\"text-align: justify;\">3.1. L\u2019entreprise effectue chaque traitement de donn\u00e9es \u00e0 caract\u00e8re personnel conform\u00e9ment au R\u00e8glement (UE) 2016\/679 du Parlement europ\u00e9en et du Conseil du 27 avril 2016 relatif \u00e0 la protection des personnes physiques \u00e0 l&rsquo;\u00e9gard du traitement des donn\u00e9es \u00e0 caract\u00e8re personnel et \u00e0 la libre circulation de ces donn\u00e9es, tel que d\u00e9fini dans la politique relative \u00e0 la protection de la vie priv\u00e9e du site web. L\u2019utilisateur accepte \u00e9galement que l\u2019entreprise ait acc\u00e8s aux donn\u00e9es collect\u00e9es via les cookies et que l&rsquo;entreprise enregistre ces donn\u00e9es. L\u2019enregistrement de ou l\u2019acc\u00e8s \u00e0 ces informations constitue un traitement \u00e0 donn\u00e9es \u00e0 caract\u00e8re personnel en vue de la r\u00e9alisation des objectifs d\u00e9finis dans cette politique relative aux cookies et dans la politique relative \u00e0 la protection de la vie priv\u00e9e.<\/p>\n<p style=\"text-align: justify;\">3.2. L\u2019utilisateur du site web peut, \u00e0 tout moment et gratuitement, retirer son consentement en d\u00e9sactivant les cookies et en envoyant une demande \u00e9crite \u00e0 cet effet \u00e0 : Rue Provinciale, 291A, 1301, Bierges<\/p>\n\n\t\t<\/div>\n\t<\/div>\n<div class=\"hr-thin style-dashed\" style=\"width: 100%;border-top-width: 2px;\"><\/div><div id=\"ultimate-heading-934769f09b5691cfd\" class=\"uvc-heading ult-adjust-bottom-margin ultimate-heading-934769f09b5691cfd uvc-8195  uvc-heading-default-font-sizes\" data-hspacer=\"no_spacer\"  data-halign=\"left\" style=\"text-align:left\"><div class=\"uvc-heading-spacer no_spacer\" style=\"top\"><\/div><div class=\"uvc-main-heading ult-responsive\"  data-ultimate-target='.uvc-heading.ultimate-heading-934769f09b5691cfd h2'  data-responsive-json-new='{\"font-size\":\"\",\"line-height\":\"\"}' ><h2 style=\"--font-weight:theme;margin-bottom:15px;\">Article 4 \u2013 Droits de l\u2019utilisateur<\/h2><\/div><\/div>\n\t<div class=\"wpb_text_column wpb_content_element  vc_custom_1666127394107\" >\n\t\t<div class=\"wpb_wrapper\">\n\t\t\t<p style=\"text-align: justify;\">Conform\u00e9ment \u00e0 la politique relative \u00e0 la protection de la vie priv\u00e9e, l\u2019utilisateur dispose en tout temps d\u2019un droit d\u2019acc\u00e8s et de correction sur les donn\u00e9es qui le concernent et qui ont \u00e9t\u00e9 collect\u00e9es au moyen de cookies. Il a \u00e9galement le droit de s\u2019opposer gratuitement \u00e0 tout traitement de ces donn\u00e9es et\/ou transfert de ces donn\u00e9es \u00e0 des tiers \u00e0 des fins de promotion de produits et services. L\u2019utilisateur peut en outre demander la correction ou la suppression des donn\u00e9es \u00e0 caract\u00e8re personnel inexactes ou incompl\u00e8tes ou de celles qui ne sont plus d\u2019actualit\u00e9. L\u2019utilisateur a \u00e9galement le droit de demander \u00e0 l\u2019entreprise l\u2019effacement de ses donn\u00e9es personnelles ou la limitation de leur traitement, ainsi que le droit de s&rsquo;opposer au traitement et le droit \u00e0 la portabilit\u00e9 des donn\u00e9es.<\/p>\n\n\t\t<\/div>\n\t<\/div>\n<div class=\"hr-thin style-dashed\" style=\"width: 100%;border-top-width: 2px;\"><\/div><div id=\"ultimate-heading-258869f09b5691e57\" class=\"uvc-heading ult-adjust-bottom-margin ultimate-heading-258869f09b5691e57 uvc-1340  uvc-heading-default-font-sizes\" data-hspacer=\"no_spacer\"  data-halign=\"left\" style=\"text-align:left\"><div class=\"uvc-heading-spacer no_spacer\" style=\"top\"><\/div><div class=\"uvc-main-heading ult-responsive\"  data-ultimate-target='.uvc-heading.ultimate-heading-258869f09b5691e57 h2'  data-responsive-json-new='{\"font-size\":\"\",\"line-height\":\"\"}' ><h2 style=\"--font-weight:theme;margin-bottom:15px;\">Article 5 \u2013 D\u00e9lais de conservation<\/h2><\/div><\/div>\n\t<div class=\"wpb_text_column wpb_content_element  vc_custom_1666127420642\" >\n\t\t<div class=\"wpb_wrapper\">\n\t\t\t<p style=\"text-align: justify;\">L\u2019entreprise conservera les donn\u00e9es \u00e0 caract\u00e8re personnel de l\u2019utilisateur trait\u00e9es via les cookies pendant toute la p\u00e9riode durant laquelle le site web ou des versions ult\u00e9rieures de celui-ci utilisant les m\u00eames donn\u00e9es \u00e0 caract\u00e8re personnel seront en ligne. Le d\u00e9lai de conservation des donn\u00e9es \u00e0 caract\u00e8re personnel trait\u00e9es via des cookies de tiers est d\u00e9fini par la politique relative \u00e0 la protection de la vie priv\u00e9e des cookies concern\u00e9s.<\/p>\n\n\t\t<\/div>\n\t<\/div>\n<div class=\"hr-thin style-dashed\" style=\"width: 100%;border-top-width: 2px;\"><\/div><div id=\"ultimate-heading-86369f09b5691fa7\" class=\"uvc-heading ult-adjust-bottom-margin ultimate-heading-86369f09b5691fa7 uvc-4337  uvc-heading-default-font-sizes\" data-hspacer=\"no_spacer\"  data-halign=\"left\" style=\"text-align:left\"><div class=\"uvc-heading-spacer no_spacer\" style=\"top\"><\/div><div class=\"uvc-main-heading ult-responsive\"  data-ultimate-target='.uvc-heading.ultimate-heading-86369f09b5691fa7 h2'  data-responsive-json-new='{\"font-size\":\"\",\"line-height\":\"\"}' ><h2 style=\"--font-weight:theme;margin-bottom:15px;\">Article 6 \u2013 R\u00e9clamations<\/h2><\/div><\/div>\n\t<div class=\"wpb_text_column wpb_content_element  vc_custom_1666127431820\" >\n\t\t<div class=\"wpb_wrapper\">\n\t\t\t<p style=\"text-align: justify;\">L\u2019utilisateur a toujours le droit d\u2019introduire toute r\u00e9clamation en mati\u00e8re de fuites de donn\u00e9es ou de violation pr\u00e9tendue de la protection de sa vie priv\u00e9e via l\u2019utilisation des cookies par l\u2019entreprise aupr\u00e8s de l\u2019autorit\u00e9 belge de protection des donn\u00e9es via les coordonn\u00e9es suivantes\u00a0:<\/p>\n<p style=\"text-align: left;\"><strong><em>Commission de la protection de la vie priv\u00e9e<\/em><\/strong><\/p>\n<p style=\"text-align: left;\">Adresse\u00a0:\u00a0 Rue de la presse\u00a035, 1000\u00a0Bruxelles<\/p>\n<p style=\"text-align: left;\">T\u00e9l.\u00a0:\u00a0\u00a0\u00a0\u00a0\u00a0\u00a0\u00a0\u00a0 +32 (0)2 274 48 00<\/p>\n<p style=\"text-align: left;\">Fax\u00a0:\u00a0\u00a0\u00a0\u00a0\u00a0\u00a0\u00a0\u00a0 +32 (0)2 274 48 35<\/p>\n<p style=\"text-align: left;\">E-mail\u00a0: \u00a0\u00a0\u00a0 commission@privacycommission.be<\/p>\n<p style=\"text-align: left;\">Site web\u00a0: \u00a0\u00a0\u00a0\u00a0\u00a0\u00a0 <a href=\"https:\/\/www.privacycommission.be\/\">https:\/\/www.privacycommission.be\/<\/a><\/p>\n\n\t\t<\/div>\n\t<\/div>\n<div class=\"hr-thin style-dashed\" style=\"width: 100%;border-top-width: 2px;\"><\/div><div id=\"ultimate-heading-852269f09b5692122\" class=\"uvc-heading ult-adjust-bottom-margin ultimate-heading-852269f09b5692122 uvc-5285  uvc-heading-default-font-sizes\" data-hspacer=\"no_spacer\"  data-halign=\"left\" style=\"text-align:left\"><div class=\"uvc-heading-spacer no_spacer\" style=\"top\"><\/div><div class=\"uvc-main-heading ult-responsive\"  data-ultimate-target='.uvc-heading.ultimate-heading-852269f09b5692122 h2'  data-responsive-json-new='{\"font-size\":\"\",\"line-height\":\"\"}' ><h2 style=\"--font-weight:theme;margin-bottom:15px;\">Article 7 \u2013 Cookies de tiers<\/h2><\/div><\/div>\n\t<div class=\"wpb_text_column wpb_content_element  vc_custom_1666127444059\" >\n\t\t<div class=\"wpb_wrapper\">\n\t\t\t<p style=\"text-align: justify;\">D\u2019\u00e9ventuels partenaires de confiance placent des publicit\u00e9s sur le site web et enregistrent parfois aussi des cookies sur l\u2019appareil de l\u2019utilisateur qui a visit\u00e9 le site web. L\u2019utilisateur doit consulter la politique relative \u00e0 la protection de la vie priv\u00e9e des entreprises pr\u00e9cit\u00e9es s\u2019il souhaite avoir connaissance de la mani\u00e8re dont ces entreprises utilisent les cookies et donner son consentement ou non \u00e0 leur politique relative \u00e0 la protection de la vie priv\u00e9e.<\/p>\n\n\t\t<\/div>\n\t<\/div>\n<div class=\"hr-thin style-dashed\" style=\"width: 100%;border-top-width: 2px;\"><\/div><div id=\"ultimate-heading-348469f09b5692263\" class=\"uvc-heading ult-adjust-bottom-margin ultimate-heading-348469f09b5692263 uvc-6963  uvc-heading-default-font-sizes\" data-hspacer=\"no_spacer\"  data-halign=\"left\" style=\"text-align:left\"><div class=\"uvc-heading-spacer no_spacer\" style=\"top\"><\/div><div class=\"uvc-main-heading ult-responsive\"  data-ultimate-target='.uvc-heading.ultimate-heading-348469f09b5692263 h2'  data-responsive-json-new='{\"font-size\":\"\",\"line-height\":\"\"}' ><h2 style=\"--font-weight:theme;margin-bottom:15px;\">Article 8 \u2013 Types de cookies utilis\u00e9s<\/h2><\/div><\/div>\n\t<div class=\"wpb_text_column wpb_content_element  vc_custom_1666127458266\" >\n\t\t<div class=\"wpb_wrapper\">\n\t\t\t<p style=\"text-align: justify;\">8.1. L\u2019entreprise utilise deux types de cookies : les cookies persistants et les cookies de session. Un cookie persistant est g\u00e9n\u00e9r\u00e9 d\u00e8s que l\u2019utilisateur s\u2019est connect\u00e9 \u00e0 l\u2019aide d\u2019un compte. La prochaine fois que l\u2019utilisateur visitera le site web sur le m\u00eame appareil, le cookie persistant permettra \u00e0 l\u2019entreprise de reconna\u00eetre l\u2019utilisateur comme utilisateur existant, de sorte que celui-ci ne doive plus se connecter \u00e0 chaque fois pour parcourir le site web.<\/p>\n<p style=\"text-align: justify;\">8.2. Un cookie de session est utilis\u00e9 pour identifier une visite sp\u00e9cifique sur le site web. Les cookies de session expirent apr\u00e8s une courte p\u00e9riode ou d\u00e8s que l\u2019utilisateur ferme le navigateur via lequel il a visit\u00e9 le site web.<\/p>\n<p style=\"text-align: justify;\">8.3. L\u2019entreprise peut utiliser d\u2019autres technologies comme Adobe Flash pour placer l\u2019\u00e9quivalent fonctionnel d\u2019un cookie sur l\u2019appareil de l\u2019utilisateur.<\/p>\n<p style=\"text-align: justify;\">8.4. L\u2019entreprise peut g\u00e9n\u00e9rer des cookies lorsque l\u2019utilisateur visite le site web ou des cookies peuvent \u00eatre g\u00e9n\u00e9r\u00e9s par d\u2019autres sites web ou services qui ex\u00e9cutent ce contenu sur la page consult\u00e9e par l\u2019utilisateur sur le site web (<em>cookies de tiers<\/em>).<\/p>\n\n\t\t<\/div>\n\t<\/div>\n<div class=\"hr-thin style-dashed\" style=\"width: 100%;border-top-width: 2px;\"><\/div><div id=\"ultimate-heading-140469f09b56923d7\" class=\"uvc-heading ult-adjust-bottom-margin ultimate-heading-140469f09b56923d7 uvc-8439  uvc-heading-default-font-sizes\" data-hspacer=\"no_spacer\"  data-halign=\"left\" style=\"text-align:left\"><div class=\"uvc-heading-spacer no_spacer\" style=\"top\"><\/div><div class=\"uvc-main-heading ult-responsive\"  data-ultimate-target='.uvc-heading.ultimate-heading-140469f09b56923d7 h2'  data-responsive-json-new='{\"font-size\":\"\",\"line-height\":\"\"}' ><h2 style=\"--font-weight:theme;margin-bottom:15px;\">Article 9 \u2013 Finalit\u00e9s des cookies<\/h2><\/div><\/div>\n\t<div class=\"wpb_text_column wpb_content_element  vc_custom_1666127469533\" >\n\t\t<div class=\"wpb_wrapper\">\n\t\t\t<p style=\"text-align: left;\">9.1. \u00a0\u00a0\u00a0\u00a0 Les cookies que l\u2019entreprise utilise fournissent des informations concernant le moment de la journ\u00e9e auquel l\u2019utilisateur visite le site web et les pr\u00e9f\u00e9rences de l\u2019utilisateur. L\u2019entreprise utilise \u00e9galement les cookies pour am\u00e9liorer l\u2019exp\u00e9rience des utilisateurs sur le site web. Les cookies rendent les interactions avec le site web plus s\u00fbres et plus rapides. Elles permettent de faire en sorte que l\u2019exp\u00e9rience utilisateur soit en concordance avec les param\u00e8tres personnalis\u00e9s de l\u2019utilisateur.<\/p>\n<p style=\"text-align: left;\">9.2. L\u2019entreprise utilise des cookies \u00e0 diff\u00e9rentes fins\u00a0:<\/p>\n<ul>\n<li><u>V\u00e9rification<\/u><br \/>\nL\u2019entreprise utilise des cookies pour savoir lorsque l\u2019utilisateur est connect\u00e9, afin que les informations correctes puissent \u00eatre affich\u00e9es \u00e0 l\u2019\u00e9cran et que l\u2019utilisateur puisse b\u00e9n\u00e9ficier d\u2019une exp\u00e9rience utilisateur personnalis\u00e9e.<\/li>\n<\/ul>\n<ul>\n<li><u>S\u00e9curit\u00e9<\/u><br \/>\nL\u2019entreprise utilise des cookies pour supporter ou activer les fonctionnalit\u00e9s de s\u00e9curit\u00e9 appliqu\u00e9es par l\u2019entreprise et pour aider l\u2019entreprise \u00e0 d\u00e9tecter des activit\u00e9s malveillantes.<\/li>\n<\/ul>\n<ul>\n<li><u>Pr\u00e9f\u00e9rences, fonctions et services<\/u><br \/>\nL\u2019entreprise utilise des cookies pour conna\u00eetre la langue et les pr\u00e9f\u00e9rences de communication de l\u2019utilisateur et pour aider l\u2019utilisateur lorsqu\u2019il compl\u00e8te des formulaires sur le site web. Les cookies fournissent en outre un contenu et des fonctionnalit\u00e9s adapt\u00e9s \u00e0 l\u2019utilisateur.<\/li>\n<\/ul>\n<ul>\n<li><u>Prestations, analyse et recherche<\/u><br \/>\nL\u2019entreprise utilise des cookies pour collecter des informations sur les prestations du site web et des modules d\u2019extension \u00e9ventuels (<em>plug-ins<\/em>) \u00e0 travers le monde. L\u2019entreprise utilise \u00e9galement des cookies pour comprendre des produits, fonctions et services, les am\u00e9liorer et les analyser, et ce, aussi lorsque l\u2019utilisateur acc\u00e8de au site web au d\u00e9part d\u2019autres sites web, applications ou appareils, tels qu\u2019un appareil qui n\u2019est pas la propri\u00e9t\u00e9 de l\u2019utilisateur ou un appareil mobile (smartphone ou tablette).<\/li>\n<\/ul>\n\n\t\t<\/div>\n\t<\/div>\n<\/div><\/div><\/div><\/div>\n<\/div>","protected":false},"excerpt":{"rendered":"<p>Document interne \u00e0 l\u2019entreprise RCO SA NV dont le si\u00e8ge social est \u00e9tabli 799 Chauss\u00e9e de Marche 5100 Namur et inscrite \u00e0 la Banque-carrefour des entreprises sous le num\u00e9ro BE 0411.571.592, repr\u00e9sent\u00e9e par GERLACHE Vincent. Article 1er \u2013 Dispositions g\u00e9n\u00e9rales L\u2019entreprise utilise des cookies et autres technologies similaires, telles que les balises et pixels, en&hellip;<\/p>","protected":false},"author":1,"featured_media":0,"parent":17,"menu_order":0,"comment_status":"closed","ping_status":"closed","template":"","meta":{"footnotes":""},"class_list":["post-1308","page","type-page","status-publish","hentry","description-off"],"yoast_head":"<!-- This site is optimized with the Yoast SEO plugin v27.1.1 - https:\/\/yoast.com\/product\/yoast-seo-wordpress\/ -->\n<title>Politique cookies - RCO<\/title>\n<meta name=\"robots\" content=\"index, follow, max-snippet:-1, max-image-preview:large, max-video-preview:-1\" \/>\n<link rel=\"canonical\" href=\"https:\/\/rco.be\/en\/rco\/politique-cookies\/\" \/>\n<meta property=\"og:locale\" content=\"en_GB\" \/>\n<meta property=\"og:type\" content=\"article\" \/>\n<meta property=\"og:title\" content=\"Politique cookies - RCO\" \/>\n<meta property=\"og:url\" content=\"https:\/\/rco.be\/en\/rco\/politique-cookies\/\" \/>\n<meta property=\"og:site_name\" content=\"RCO\" \/>\n<meta property=\"article:publisher\" content=\"https:\/\/www.facebook.com\/RCOSMART\/\" \/>\n<meta property=\"article:modified_time\" content=\"2025-11-21T08:29:34+00:00\" \/>\n<meta name=\"twitter:card\" content=\"summary_large_image\" \/>\n<meta name=\"twitter:label1\" content=\"Estimated reading time\" \/>\n\t<meta name=\"twitter:data1\" content=\"7 minutes\" \/>\n<script type=\"application\/ld+json\" class=\"yoast-schema-graph\">{\"@context\":\"https:\/\/schema.org\",\"@graph\":[{\"@type\":\"WebPage\",\"@id\":\"https:\/\/rco.be\/rco\/politique-cookies\/\",\"url\":\"https:\/\/rco.be\/rco\/politique-cookies\/\",\"name\":\"Politique cookies - RCO\",\"isPartOf\":{\"@id\":\"https:\/\/rco.be\/#website\"},\"datePublished\":\"2022-07-14T13:22:28+00:00\",\"dateModified\":\"2025-11-21T08:29:34+00:00\",\"breadcrumb\":{\"@id\":\"https:\/\/rco.be\/rco\/politique-cookies\/#breadcrumb\"},\"inLanguage\":\"en-GB\",\"potentialAction\":[{\"@type\":\"ReadAction\",\"target\":[\"https:\/\/rco.be\/rco\/politique-cookies\/\"]}]},{\"@type\":\"BreadcrumbList\",\"@id\":\"https:\/\/rco.be\/rco\/politique-cookies\/#breadcrumb\",\"itemListElement\":[{\"@type\":\"ListItem\",\"position\":1,\"name\":\"Accueil\",\"item\":\"https:\/\/rco.be\/\"},{\"@type\":\"ListItem\",\"position\":2,\"name\":\"RCO\",\"item\":\"https:\/\/rco.be\/\"},{\"@type\":\"ListItem\",\"position\":3,\"name\":\"Politique cookies\"}]},{\"@type\":\"WebSite\",\"@id\":\"https:\/\/rco.be\/#website\",\"url\":\"https:\/\/rco.be\/\",\"name\":\"RCO\",\"description\":\"Concepteur de projets audiovisuels\",\"publisher\":{\"@id\":\"https:\/\/rco.be\/#organization\"},\"potentialAction\":[{\"@type\":\"SearchAction\",\"target\":{\"@type\":\"EntryPoint\",\"urlTemplate\":\"https:\/\/rco.be\/?s={search_term_string}\"},\"query-input\":{\"@type\":\"PropertyValueSpecification\",\"valueRequired\":true,\"valueName\":\"search_term_string\"}}],\"inLanguage\":\"en-GB\"},{\"@type\":\"Organization\",\"@id\":\"https:\/\/rco.be\/#organization\",\"name\":\"RCO\",\"url\":\"https:\/\/rco.be\/\",\"logo\":{\"@type\":\"ImageObject\",\"inLanguage\":\"en-GB\",\"@id\":\"https:\/\/rco.be\/#\/schema\/logo\/image\/\",\"url\":\"https:\/\/rco.be\/wp-content\/uploads\/2022\/06\/logo-rco-couleur-hd.png\",\"contentUrl\":\"https:\/\/rco.be\/wp-content\/uploads\/2022\/06\/logo-rco-couleur-hd.png\",\"width\":266,\"height\":100,\"caption\":\"RCO\"},\"image\":{\"@id\":\"https:\/\/rco.be\/#\/schema\/logo\/image\/\"},\"sameAs\":[\"https:\/\/www.facebook.com\/RCOSMART\/\"]}]}<\/script>\n<!-- \/ Yoast SEO plugin. -->","yoast_head_json":{"title":"Politique cookies - RCO","robots":{"index":"index","follow":"follow","max-snippet":"max-snippet:-1","max-image-preview":"max-image-preview:large","max-video-preview":"max-video-preview:-1"},"canonical":"https:\/\/rco.be\/en\/rco\/politique-cookies\/","og_locale":"en_GB","og_type":"article","og_title":"Politique cookies - RCO","og_url":"https:\/\/rco.be\/en\/rco\/politique-cookies\/","og_site_name":"RCO","article_publisher":"https:\/\/www.facebook.com\/RCOSMART\/","article_modified_time":"2025-11-21T08:29:34+00:00","twitter_card":"summary_large_image","twitter_misc":{"Estimated reading time":"7 minutes"},"schema":{"@context":"https:\/\/schema.org","@graph":[{"@type":"WebPage","@id":"https:\/\/rco.be\/rco\/politique-cookies\/","url":"https:\/\/rco.be\/rco\/politique-cookies\/","name":"Politique cookies - RCO","isPartOf":{"@id":"https:\/\/rco.be\/#website"},"datePublished":"2022-07-14T13:22:28+00:00","dateModified":"2025-11-21T08:29:34+00:00","breadcrumb":{"@id":"https:\/\/rco.be\/rco\/politique-cookies\/#breadcrumb"},"inLanguage":"en-GB","potentialAction":[{"@type":"ReadAction","target":["https:\/\/rco.be\/rco\/politique-cookies\/"]}]},{"@type":"BreadcrumbList","@id":"https:\/\/rco.be\/rco\/politique-cookies\/#breadcrumb","itemListElement":[{"@type":"ListItem","position":1,"name":"Accueil","item":"https:\/\/rco.be\/"},{"@type":"ListItem","position":2,"name":"RCO","item":"https:\/\/rco.be\/"},{"@type":"ListItem","position":3,"name":"Politique cookies"}]},{"@type":"WebSite","@id":"https:\/\/rco.be\/#website","url":"https:\/\/rco.be\/","name":"RCO","description":"Audiovisual Project Designer","publisher":{"@id":"https:\/\/rco.be\/#organization"},"potentialAction":[{"@type":"SearchAction","target":{"@type":"EntryPoint","urlTemplate":"https:\/\/rco.be\/?s={search_term_string}"},"query-input":{"@type":"PropertyValueSpecification","valueRequired":true,"valueName":"search_term_string"}}],"inLanguage":"en-GB"},{"@type":"Organization","@id":"https:\/\/rco.be\/#organization","name":"RCO","url":"https:\/\/rco.be\/","logo":{"@type":"ImageObject","inLanguage":"en-GB","@id":"https:\/\/rco.be\/#\/schema\/logo\/image\/","url":"https:\/\/rco.be\/wp-content\/uploads\/2022\/06\/logo-rco-couleur-hd.png","contentUrl":"https:\/\/rco.be\/wp-content\/uploads\/2022\/06\/logo-rco-couleur-hd.png","width":266,"height":100,"caption":"RCO"},"image":{"@id":"https:\/\/rco.be\/#\/schema\/logo\/image\/"},"sameAs":["https:\/\/www.facebook.com\/RCOSMART\/"]}]}},"_links":{"self":[{"href":"https:\/\/rco.be\/en\/wp-json\/wp\/v2\/pages\/1308","targetHints":{"allow":["GET"]}}],"collection":[{"href":"https:\/\/rco.be\/en\/wp-json\/wp\/v2\/pages"}],"about":[{"href":"https:\/\/rco.be\/en\/wp-json\/wp\/v2\/types\/page"}],"author":[{"embeddable":true,"href":"https:\/\/rco.be\/en\/wp-json\/wp\/v2\/users\/1"}],"replies":[{"embeddable":true,"href":"https:\/\/rco.be\/en\/wp-json\/wp\/v2\/comments?post=1308"}],"version-history":[{"count":6,"href":"https:\/\/rco.be\/en\/wp-json\/wp\/v2\/pages\/1308\/revisions"}],"predecessor-version":[{"id":13832,"href":"https:\/\/rco.be\/en\/wp-json\/wp\/v2\/pages\/1308\/revisions\/13832"}],"up":[{"embeddable":true,"href":"https:\/\/rco.be\/en\/wp-json\/wp\/v2\/pages\/17"}],"wp:attachment":[{"href":"https:\/\/rco.be\/en\/wp-json\/wp\/v2\/media?parent=1308"}],"curies":[{"name":"wp","href":"https:\/\/api.w.org\/{rel}","templated":true}]}}