{"id":13897,"date":"2025-12-07T09:48:43","date_gmt":"2025-12-07T08:48:43","guid":{"rendered":"https:\/\/rco.be\/?page_id=13897"},"modified":"2025-12-07T13:48:16","modified_gmt":"2025-12-07T12:48:16","slug":"solutions-audio-de-conference","status":"publish","type":"page","link":"https:\/\/rco.be\/en\/rco\/solutions-entreprises\/solutions-audio-de-conference\/","title":{"rendered":"Solutions audio de conf\u00e9rence"},"content":{"rendered":"<div class=\"wpb-content-wrapper\"><div class=\"vc_row wpb_row vc_row-fluid vc_custom_1662213334210\"><div class=\"wpb_column vc_column_container vc_col-sm-12\"><div class=\"vc_column-inner\"><div class=\"wpb_wrapper\"><div class=\"vc_row wpb_row vc_inner vc_row-fluid vc_custom_1658226512810 vc_row-o-equal-height vc_row-o-content-middle vc_row-flex\"><div class=\"wpb_column vc_column_container vc_col-sm-12 vc_hidden-sm vc_hidden-xs\"><div class=\"vc_column-inner\"><div class=\"wpb_wrapper\"><div id=\"ultimate-heading-441169f30fdfd70c8\" class=\"uvc-heading ult-adjust-bottom-margin ultimate-heading-441169f30fdfd70c8 uvc-3644  uvc-heading-default-font-sizes\" data-hspacer=\"no_spacer\"  data-halign=\"center\" style=\"text-align:center\"><div class=\"uvc-heading-spacer no_spacer\" style=\"top\"><\/div><div class=\"uvc-main-heading ult-responsive\"  data-ultimate-target='.uvc-heading.ultimate-heading-441169f30fdfd70c8 h2'  data-responsive-json-new='{\"font-size\":\"\",\"line-height\":\"\"}' ><h2 style=\"--font-weight:theme;\">L\u2019innovation au service de vos r\u00e9unions : audio sans fil, clart\u00e9 et contr\u00f4le total<\/h2><\/div><\/div>\n\t<div class=\"wpb_text_column wpb_content_element\" >\n\t\t<div class=\"wpb_wrapper\">\n\t\t\t<p style=\"text-align: justify;\">Dans une salle de conseil, chaque mot compte. Les d\u00e9cisions strat\u00e9giques n\u00e9cessitent une communication claire et sans faille. <strong>Shure Microflex Wireless<\/strong> est la solution audio professionnelle con\u00e7ue pour offrir une qualit\u00e9 sonore irr\u00e9prochable, une int\u00e9gration fluide et une flexibilit\u00e9 totale dans les environnements les plus exigeants.<\/p>\n\n\t\t<\/div>\n\t<\/div>\n\n\t<div  class=\"wpb_single_image wpb_content_element vc_align_center\">\n\t\t\n\t\t<figure class=\"wpb_wrapper vc_figure\">\n\t\t\t<div class=\"vc_single_image-wrapper   vc_box_border_grey\"><img loading=\"lazy\" decoding=\"async\" width=\"908\" height=\"499\" src=\"https:\/\/rco.be\/wp-content\/uploads\/2025\/12\/Shure-salle-de-conference.jpg\" class=\"vc_single_image-img attachment-full\" alt=\"\" title=\"Shure-salle-de-conf\u00e9rence\" srcset=\"https:\/\/rco.be\/wp-content\/uploads\/2025\/12\/Shure-salle-de-conference.jpg 908w, https:\/\/rco.be\/wp-content\/uploads\/2025\/12\/Shure-salle-de-conference-300x165.jpg 300w, https:\/\/rco.be\/wp-content\/uploads\/2025\/12\/Shure-salle-de-conference-768x422.jpg 768w, https:\/\/rco.be\/wp-content\/uploads\/2025\/12\/Shure-salle-de-conference-18x10.jpg 18w\" sizes=\"auto, (max-width: 908px) 100vw, 908px\"  data-dt-location=\"https:\/\/rco.be\/en\/rco\/solutions-entreprises\/solutions-audio-de-conference\/shure-salle-de-conference\/\" \/><\/div>\n\t\t<\/figure>\n\t<\/div>\n\n\t<div class=\"wpb_text_column wpb_content_element\" >\n\t\t<div class=\"wpb_wrapper\">\n\t\t\t<p><strong>Microflex Complete<\/strong> transforme vos r\u00e9unions en exp\u00e9riences fluides et professionnelles. Offrez une <strong>clart\u00e9 audio exceptionnelle<\/strong> pour chaque participant, sur place ou \u00e0 distance, et simplifiez l\u2019organisation gr\u00e2ce \u00e0 des outils int\u00e9gr\u00e9s pour g\u00e9rer l\u2019ordre du jour, l\u2019appel des participants et le <strong>suivi des votes<\/strong>. Compatible avec les <strong>syst\u00e8mes d\u2019enregistrement et de visioconf\u00e9rence<\/strong>, cette solution garantit efficacit\u00e9 et connectivit\u00e9 pour vos r\u00e9unions strat\u00e9giques.<\/p>\n\n\t\t<\/div>\n\t<\/div>\n<\/div><\/div><\/div><\/div><div class=\"vc_row wpb_row vc_inner vc_row-fluid vc_custom_1658226576099 vc_row-o-equal-height vc_row-o-content-middle vc_row-flex\"><div class=\"wpb_column vc_column_container vc_col-sm-6\"><div class=\"vc_column-inner\"><div class=\"wpb_wrapper\">\n\t<div  class=\"wpb_single_image wpb_content_element vc_align_center\">\n\t\t\n\t\t<figure class=\"wpb_wrapper vc_figure\">\n\t\t\t<div class=\"vc_single_image-wrapper   vc_box_border_grey\"><img loading=\"lazy\" decoding=\"async\" width=\"475\" height=\"571\" src=\"https:\/\/rco.be\/wp-content\/uploads\/2025\/12\/Shure-mxcw640.jpg\" class=\"vc_single_image-img attachment-large\" alt=\"\" title=\"Shure-mxcw640\" srcset=\"https:\/\/rco.be\/wp-content\/uploads\/2025\/12\/Shure-mxcw640.jpg 475w, https:\/\/rco.be\/wp-content\/uploads\/2025\/12\/Shure-mxcw640-250x300.jpg 250w, https:\/\/rco.be\/wp-content\/uploads\/2025\/12\/Shure-mxcw640-10x12.jpg 10w\" sizes=\"auto, (max-width: 475px) 100vw, 475px\"  data-dt-location=\"https:\/\/rco.be\/en\/rco\/solutions-entreprises\/solutions-audio-de-conference\/shure-mxcw640\/\" \/><\/div>\n\t\t<\/figure>\n\t<\/div>\n<\/div><\/div><\/div><div class=\"wpb_column vc_column_container vc_col-sm-6\"><div class=\"vc_column-inner\"><div class=\"wpb_wrapper\"><div id=\"ultimate-heading-536369f30fdfd8367\" class=\"uvc-heading ult-adjust-bottom-margin ultimate-heading-536369f30fdfd8367 uvc-6082  uvc-heading-default-font-sizes\" data-hspacer=\"line_only\"  data-halign=\"left\" style=\"text-align:left\"><div class=\"uvc-main-heading ult-responsive\"  data-ultimate-target='.uvc-heading.ultimate-heading-536369f30fdfd8367 h3'  data-responsive-json-new='{\"font-size\":\"\",\"line-height\":\"\"}' ><h3 style=\"--font-weight:theme;margin-bottom:15px;\">Pourquoi choisir Shure Microflex Wireless pour vos salles de conseil ?<\/h3><\/div><div class=\"uvc-heading-spacer line_only\" style=\"margin-bottom:15px;height:2px;\"><span class=\"uvc-headings-line\" style=\"border-style:solid;border-bottom-width:2px;border-color:#233660;width:100px;\"><\/span><\/div><\/div>\n\t<div class=\"wpb_text_column wpb_content_element\" >\n\t\t<div class=\"wpb_wrapper\">\n\t\t\t<ul>\n<li><strong>Qualit\u00e9 audio exceptionnelle<\/strong> : Des microphones optimis\u00e9s pour la voix, garantissant une restitution naturelle et intelligible.<\/li>\n<\/ul>\n<ul>\n<li><strong>Design discret et \u00e9l\u00e9gant<\/strong> : Gooseneck, boundary, bodypack ou handheld \u2013 des options adapt\u00e9es \u00e0 l\u2019esth\u00e9tique de votre salle.<\/li>\n<\/ul>\n<ul>\n<li><strong>S\u00e9curit\u00e9 renforc\u00e9e<\/strong> : Transmission audio crypt\u00e9e (AES-256) pour prot\u00e9ger la confidentialit\u00e9 des \u00e9changes.<\/li>\n<\/ul>\n<ul>\n<li><strong>Recharge intelligente<\/strong> : Batteries lithium-ion offrant jusqu\u2019\u00e0 8 heures d\u2019autonomie et un suivi en temps r\u00e9el via le r\u00e9seau.<\/li>\n<\/ul>\n<ul>\n<li><strong>Gestion centralis\u00e9e<\/strong> : Contr\u00f4le et monitoring \u00e0 distance via navigateur web ou syst\u00e8mes tiers (Crestron\u00ae, AMX\u00ae).<\/li>\n<\/ul>\n<ul>\n<li><strong>Int\u00e9gration r\u00e9seau<\/strong> : Audio num\u00e9rique Dante\u2122 et AES67 pour une compatibilit\u00e9 avec les infrastructures IT existantes.<\/li>\n<\/ul>\n\n\t\t<\/div>\n\t<\/div>\n<\/div><\/div><\/div><\/div><div class=\"vc_row wpb_row vc_inner vc_row-fluid vc_custom_1658226698258 vc_row-o-equal-height vc_row-o-content-middle vc_row-flex\"><div class=\"wpb_column vc_column_container vc_col-sm-6 vc_hidden-sm vc_hidden-xs\"><div class=\"vc_column-inner\"><div class=\"wpb_wrapper\"><div id=\"ultimate-heading-416169f30fdfd87ce\" class=\"uvc-heading ult-adjust-bottom-margin ultimate-heading-416169f30fdfd87ce uvc-5928  uvc-heading-default-font-sizes\" data-hspacer=\"line_only\"  data-halign=\"left\" style=\"text-align:left\"><div class=\"uvc-main-heading ult-responsive\"  data-ultimate-target='.uvc-heading.ultimate-heading-416169f30fdfd87ce h3'  data-responsive-json-new='{\"font-size\":\"\",\"line-height\":\"\"}' ><h3 style=\"--font-weight:theme;margin-bottom:15px;\">Notre expertise<\/h3><\/div><div class=\"uvc-heading-spacer line_only\" style=\"margin-bottom:15px;height:2px;\"><span class=\"uvc-headings-line\" style=\"border-style:solid;border-bottom-width:2px;border-color:#233660;width:100px;\"><\/span><\/div><\/div>\n\t<div class=\"wpb_text_column wpb_content_element\" >\n\t\t<div class=\"wpb_wrapper\">\n\t\t\t<p style=\"text-align: justify;\">Chez <strong>RCO<\/strong>, nous int\u00e9grons la solution <strong>Shure Microflex Wireless<\/strong> dans vos espaces avec une approche sur mesure :<\/p>\n<div>\n<ul>\n<li><strong>Audit acoustique et r\u00e9seau<\/strong><\/li>\n<li><strong>Installation et configuration Dante\u2122<\/strong><\/li>\n<li><strong>Formation des \u00e9quipes<\/strong><\/li>\n<li><strong>Support et maintenance proactive<\/strong><\/li>\n<\/ul>\n<\/div>\n\n\t\t<\/div>\n\t<\/div>\n<\/div><\/div><\/div><div class=\"wpb_column vc_column_container vc_col-sm-6 vc_hidden-sm vc_hidden-xs\"><div class=\"vc_column-inner\"><div class=\"wpb_wrapper\">\n\t<div  class=\"wpb_single_image wpb_content_element vc_align_center\">\n\t\t\n\t\t<figure class=\"wpb_wrapper vc_figure\">\n\t\t\t<div class=\"vc_single_image-wrapper   vc_box_border_grey\"><img loading=\"lazy\" decoding=\"async\" width=\"672\" height=\"438\" src=\"https:\/\/rco.be\/wp-content\/uploads\/2025\/12\/SHURE-MXCW-KIT.jpg\" class=\"vc_single_image-img attachment-large\" alt=\"\" title=\"SHURE-MXCW-KIT\" srcset=\"https:\/\/rco.be\/wp-content\/uploads\/2025\/12\/SHURE-MXCW-KIT.jpg 672w, https:\/\/rco.be\/wp-content\/uploads\/2025\/12\/SHURE-MXCW-KIT-300x196.jpg 300w, https:\/\/rco.be\/wp-content\/uploads\/2025\/12\/SHURE-MXCW-KIT-18x12.jpg 18w\" sizes=\"auto, (max-width: 672px) 100vw, 672px\"  data-dt-location=\"https:\/\/rco.be\/en\/rco\/solutions-entreprises\/solutions-audio-de-conference\/shure-mxcw-kit\/\" \/><\/div>\n\t\t<\/figure>\n\t<\/div>\n<\/div><\/div><\/div><\/div>\n\t<div class=\"wpb_video_widget wpb_content_element vc_clearfix   vc_video-aspect-ratio-169 vc_video-el-width-100 vc_video-align-left\" >\n\t\t<div class=\"wpb_wrapper\">\n\t\t\t<h2 class=\"wpb_heading wpb_video_heading\">D\u00e9couvrez les solutions de conf\u00e9rence sans fils Shure<\/h2>\n\t\t\t<div class=\"wpb_video_wrapper\"><iframe loading=\"lazy\" title=\"Microflex Complete Wireless Digital Conference System Overview | Shure\" width=\"500\" height=\"281\" src=\"https:\/\/www.youtube.com\/embed\/-7jlQeBDEkw?feature=oembed\" frameborder=\"0\" allow=\"accelerometer; autoplay; clipboard-write; encrypted-media; gyroscope; picture-in-picture; web-share\" referrerpolicy=\"strict-origin-when-cross-origin\" allowfullscreen><\/iframe><\/div>\n\t\t<\/div>\n\t<\/div>\n<\/div><\/div><\/div><\/div><div class=\"vc_row wpb_row vc_row-fluid vc_custom_1657191385607 vc_row-o-equal-height vc_row-o-content-middle vc_row-flex\"><div class=\"wpb_column vc_column_container vc_col-sm-12\"><div class=\"vc_column-inner vc_custom_1657191367307\"><div class=\"wpb_wrapper\"><div id=\"ultimate-heading-352569f30fdfd993d\" class=\"uvc-heading ult-adjust-bottom-margin ultimate-heading-352569f30fdfd993d uvc-8307  uvc-heading-default-font-sizes\" data-hspacer=\"line_only\"  data-halign=\"center\" style=\"text-align:center\"><div class=\"uvc-main-heading ult-responsive\"  data-ultimate-target='.uvc-heading.ultimate-heading-352569f30fdfd993d h2'  data-responsive-json-new='{\"font-size\":\"\",\"line-height\":\"\"}' ><h2 style=\"--font-weight:theme;margin-bottom:15px;\">D\u00e9couvrez toutes nos autres solutions pour votre entreprise<\/h2><\/div><div class=\"uvc-heading-spacer line_only\" style=\"margin-bottom:15px;height:2px;\"><span class=\"uvc-headings-line\" style=\"border-style:solid;border-bottom-width:2px;border-color:#233660;width:200px;\"><\/span><\/div><\/div><style type=\"text\/css\" data-type=\"the7_shortcodes-inline-css\">#default-btn-f29d28d0f3bc2ec40cb780e41646a46c.ico-right-side > i {\n  margin-right: 0px;\n  margin-left: 8px;\n}\n#default-btn-f29d28d0f3bc2ec40cb780e41646a46c > i {\n  margin-right: 8px;\n}<\/style><div class=\"btn-align-center\"><a href=\"https:\/\/rco.be\/en\/rco\/solutions-entreprises\/\" class=\"default-btn-shortcode dt-btn dt-btn-l link-hover-off\" id=\"default-btn-f29d28d0f3bc2ec40cb780e41646a46c\" title=\"For business\"><i class=\"icomoon-material-24x24-school\"><\/i><span>D\u00e9couvrir nos solutions pour les entreprises<\/span><\/a><\/div><\/div><\/div><\/div><\/div><div data-vc-full-width=\"true\" data-vc-full-width-temp=\"true\" data-vc-full-width-init=\"false\" class=\"vc_row wpb_row vc_row-fluid vc_custom_1657190939409 vc_row-has-fill\"><div class=\"wpb_column vc_column_container vc_col-sm-6 vc_hidden-sm vc_hidden-xs\"><div class=\"vc_column-inner vc_custom_1664281748141\"><div class=\"wpb_wrapper\"><style type=\"text\/css\" data-type=\"the7_shortcodes-inline-css\">#default-btn-8c032f38530a42a6a8155b79f5d29f10 {\n  font-size: 14px;\n  line-height: 16px;\n  font-weight: bold;\n  padding: 4px 0px 4px 0px;\n}\n#default-btn-8c032f38530a42a6a8155b79f5d29f10.ico-right-side > i {\n  margin-right: 0px;\n  margin-left: 8px;\n}\n#default-btn-8c032f38530a42a6a8155b79f5d29f10:after {\n  height: 2px;\n}\n#default-btn-8c032f38530a42a6a8155b79f5d29f10 > i {\n  margin-right: 8px;\n  font-size: 11px;\n}\n#default-btn-8c032f38530a42a6a8155b79f5d29f10.ico-right-side > i {\n  margin-right: 0px;\n  margin-left: 8px;\n}\n#default-btn-8c032f38530a42a6a8155b79f5d29f10 > i {\n  margin-right: 8px;\n}<\/style><div class=\"btn-align-left\"><a href=\"https:\/\/rco.be\/en\/rco\/solutions-entreprises\/\" class=\"default-btn-shortcode dt-btn-link link-hover-off upwards-line\" id=\"default-btn-8c032f38530a42a6a8155b79f5d29f10\" title=\"Solutions pour les entreprises\"><span>Revenir \u00e0 la page Pour les entreprises<\/span><\/a><\/div><\/div><\/div><\/div><div class=\"wpb_column vc_column_container vc_col-sm-6 vc_hidden-sm vc_hidden-xs\"><div class=\"vc_column-inner vc_custom_1664281753274\"><div class=\"wpb_wrapper\"><style type=\"text\/css\" data-type=\"the7_shortcodes-inline-css\">#default-btn-edcf8dec41efa45a3d564be3db6ed9fd {\n  font-size: 14px;\n  line-height: 16px;\n  font-weight: bold;\n  padding: 4px 0px 4px 0px;\n}\n#default-btn-edcf8dec41efa45a3d564be3db6ed9fd.ico-right-side > i {\n  margin-right: 0px;\n  margin-left: 8px;\n}\n#default-btn-edcf8dec41efa45a3d564be3db6ed9fd:after {\n  height: 2px;\n}\n#default-btn-edcf8dec41efa45a3d564be3db6ed9fd > i {\n  margin-right: 8px;\n  font-size: 11px;\n}\n#default-btn-edcf8dec41efa45a3d564be3db6ed9fd.ico-right-side > i {\n  margin-right: 0px;\n  margin-left: 8px;\n}\n#default-btn-edcf8dec41efa45a3d564be3db6ed9fd > i {\n  margin-right: 8px;\n}<\/style><div class=\"btn-align-right\"><a href=\"https:\/\/rco.be\/en\/\" class=\"default-btn-shortcode dt-btn-link link-hover-off upwards-line\" id=\"default-btn-edcf8dec41efa45a3d564be3db6ed9fd\" title=\"RCO\"><span>Revenir \u00e0 la page d&rsquo;accueil<\/span><\/a><\/div><\/div><\/div><\/div><\/div><div class=\"vc_row-full-width vc_clearfix\"><\/div>\n<\/div>","protected":false},"excerpt":{"rendered":"<p>L\u2019innovation au service de vos r\u00e9unions : audio sans fil, clart\u00e9 et contr\u00f4le total Dans une salle de conseil, chaque mot compte. Les d\u00e9cisions strat\u00e9giques n\u00e9cessitent une communication claire et sans faille. Shure Microflex Wireless est la solution audio professionnelle con\u00e7ue pour offrir une qualit\u00e9 sonore irr\u00e9prochable, une int\u00e9gration fluide et une flexibilit\u00e9 totale dans&hellip;<\/p>","protected":false},"author":2,"featured_media":0,"parent":206,"menu_order":0,"comment_status":"closed","ping_status":"closed","template":"","meta":{"footnotes":""},"class_list":["post-13897","page","type-page","status-publish","hentry","description-off"],"yoast_head":"<!-- This site is optimized with the Yoast SEO plugin v27.1.1 - https:\/\/yoast.com\/product\/yoast-seo-wordpress\/ -->\n<title>Solutions audio de conf\u00e9rence - RCO<\/title>\n<meta name=\"description\" content=\"Optimisez vos r\u00e9unions avec Shure Microflex Wireless : microphones sans fil \u00e9l\u00e9gants, audio haute qualit\u00e9 et int\u00e9gration parfaite pour vos salles de conseil\" \/>\n<meta name=\"robots\" content=\"index, follow, max-snippet:-1, max-image-preview:large, max-video-preview:-1\" \/>\n<link rel=\"canonical\" href=\"https:\/\/rco.be\/en\/rco\/solutions-entreprises\/solutions-audio-de-conference\/\" \/>\n<meta property=\"og:locale\" content=\"en_GB\" \/>\n<meta property=\"og:type\" content=\"article\" \/>\n<meta property=\"og:title\" content=\"Solutions audio de conf\u00e9rence - RCO\" \/>\n<meta property=\"og:description\" content=\"Optimisez vos r\u00e9unions avec Shure Microflex Wireless : microphones sans fil \u00e9l\u00e9gants, audio haute qualit\u00e9 et int\u00e9gration parfaite pour vos salles de conseil\" \/>\n<meta property=\"og:url\" content=\"https:\/\/rco.be\/en\/rco\/solutions-entreprises\/solutions-audio-de-conference\/\" \/>\n<meta property=\"og:site_name\" content=\"RCO\" \/>\n<meta property=\"article:publisher\" content=\"https:\/\/www.facebook.com\/RCOSMART\/\" \/>\n<meta property=\"article:modified_time\" content=\"2025-12-07T12:48:16+00:00\" \/>\n<meta name=\"twitter:card\" content=\"summary_large_image\" \/>\n<meta name=\"twitter:label1\" content=\"Estimated reading time\" \/>\n\t<meta name=\"twitter:data1\" content=\"3 minutes\" \/>\n<script type=\"application\/ld+json\" class=\"yoast-schema-graph\">{\"@context\":\"https:\/\/schema.org\",\"@graph\":[{\"@type\":\"WebPage\",\"@id\":\"https:\/\/rco.be\/rco\/solutions-entreprises\/solutions-audio-de-conference\/\",\"url\":\"https:\/\/rco.be\/rco\/solutions-entreprises\/solutions-audio-de-conference\/\",\"name\":\"Solutions audio de conf\u00e9rence - RCO\",\"isPartOf\":{\"@id\":\"https:\/\/rco.be\/#website\"},\"datePublished\":\"2025-12-07T08:48:43+00:00\",\"dateModified\":\"2025-12-07T12:48:16+00:00\",\"description\":\"Optimisez vos r\u00e9unions avec Shure Microflex Wireless : microphones sans fil \u00e9l\u00e9gants, audio haute qualit\u00e9 et int\u00e9gration parfaite pour vos salles de conseil\",\"breadcrumb\":{\"@id\":\"https:\/\/rco.be\/rco\/solutions-entreprises\/solutions-audio-de-conference\/#breadcrumb\"},\"inLanguage\":\"en-GB\",\"potentialAction\":[{\"@type\":\"ReadAction\",\"target\":[\"https:\/\/rco.be\/rco\/solutions-entreprises\/solutions-audio-de-conference\/\"]}]},{\"@type\":\"BreadcrumbList\",\"@id\":\"https:\/\/rco.be\/rco\/solutions-entreprises\/solutions-audio-de-conference\/#breadcrumb\",\"itemListElement\":[{\"@type\":\"ListItem\",\"position\":1,\"name\":\"Accueil\",\"item\":\"https:\/\/rco.be\/\"},{\"@type\":\"ListItem\",\"position\":2,\"name\":\"RCO\",\"item\":\"https:\/\/rco.be\/\"},{\"@type\":\"ListItem\",\"position\":3,\"name\":\"Pour les entreprises\",\"item\":\"https:\/\/rco.be\/rco\/solutions-entreprises\/\"},{\"@type\":\"ListItem\",\"position\":4,\"name\":\"Solutions audio de conf\u00e9rence\"}]},{\"@type\":\"WebSite\",\"@id\":\"https:\/\/rco.be\/#website\",\"url\":\"https:\/\/rco.be\/\",\"name\":\"RCO\",\"description\":\"Concepteur de projets audiovisuels\",\"publisher\":{\"@id\":\"https:\/\/rco.be\/#organization\"},\"potentialAction\":[{\"@type\":\"SearchAction\",\"target\":{\"@type\":\"EntryPoint\",\"urlTemplate\":\"https:\/\/rco.be\/?s={search_term_string}\"},\"query-input\":{\"@type\":\"PropertyValueSpecification\",\"valueRequired\":true,\"valueName\":\"search_term_string\"}}],\"inLanguage\":\"en-GB\"},{\"@type\":\"Organization\",\"@id\":\"https:\/\/rco.be\/#organization\",\"name\":\"RCO\",\"url\":\"https:\/\/rco.be\/\",\"logo\":{\"@type\":\"ImageObject\",\"inLanguage\":\"en-GB\",\"@id\":\"https:\/\/rco.be\/#\/schema\/logo\/image\/\",\"url\":\"https:\/\/rco.be\/wp-content\/uploads\/2022\/06\/logo-rco-couleur-hd.png\",\"contentUrl\":\"https:\/\/rco.be\/wp-content\/uploads\/2022\/06\/logo-rco-couleur-hd.png\",\"width\":266,\"height\":100,\"caption\":\"RCO\"},\"image\":{\"@id\":\"https:\/\/rco.be\/#\/schema\/logo\/image\/\"},\"sameAs\":[\"https:\/\/www.facebook.com\/RCOSMART\/\"]}]}<\/script>\n<!-- \/ Yoast SEO plugin. -->","yoast_head_json":{"title":"Solutions audio de conf\u00e9rence - RCO","description":"Optimisez vos r\u00e9unions avec Shure Microflex Wireless : microphones sans fil \u00e9l\u00e9gants, audio haute qualit\u00e9 et int\u00e9gration parfaite pour vos salles de conseil","robots":{"index":"index","follow":"follow","max-snippet":"max-snippet:-1","max-image-preview":"max-image-preview:large","max-video-preview":"max-video-preview:-1"},"canonical":"https:\/\/rco.be\/en\/rco\/solutions-entreprises\/solutions-audio-de-conference\/","og_locale":"en_GB","og_type":"article","og_title":"Solutions audio de conf\u00e9rence - RCO","og_description":"Optimisez vos r\u00e9unions avec Shure Microflex Wireless : microphones sans fil \u00e9l\u00e9gants, audio haute qualit\u00e9 et int\u00e9gration parfaite pour vos salles de conseil","og_url":"https:\/\/rco.be\/en\/rco\/solutions-entreprises\/solutions-audio-de-conference\/","og_site_name":"RCO","article_publisher":"https:\/\/www.facebook.com\/RCOSMART\/","article_modified_time":"2025-12-07T12:48:16+00:00","twitter_card":"summary_large_image","twitter_misc":{"Estimated reading time":"3 minutes"},"schema":{"@context":"https:\/\/schema.org","@graph":[{"@type":"WebPage","@id":"https:\/\/rco.be\/rco\/solutions-entreprises\/solutions-audio-de-conference\/","url":"https:\/\/rco.be\/rco\/solutions-entreprises\/solutions-audio-de-conference\/","name":"Solutions audio de conf\u00e9rence - RCO","isPartOf":{"@id":"https:\/\/rco.be\/#website"},"datePublished":"2025-12-07T08:48:43+00:00","dateModified":"2025-12-07T12:48:16+00:00","description":"Optimisez vos r\u00e9unions avec Shure Microflex Wireless : microphones sans fil \u00e9l\u00e9gants, audio haute qualit\u00e9 et int\u00e9gration parfaite pour vos salles de conseil","breadcrumb":{"@id":"https:\/\/rco.be\/rco\/solutions-entreprises\/solutions-audio-de-conference\/#breadcrumb"},"inLanguage":"en-GB","potentialAction":[{"@type":"ReadAction","target":["https:\/\/rco.be\/rco\/solutions-entreprises\/solutions-audio-de-conference\/"]}]},{"@type":"BreadcrumbList","@id":"https:\/\/rco.be\/rco\/solutions-entreprises\/solutions-audio-de-conference\/#breadcrumb","itemListElement":[{"@type":"ListItem","position":1,"name":"Accueil","item":"https:\/\/rco.be\/"},{"@type":"ListItem","position":2,"name":"RCO","item":"https:\/\/rco.be\/"},{"@type":"ListItem","position":3,"name":"Pour les entreprises","item":"https:\/\/rco.be\/rco\/solutions-entreprises\/"},{"@type":"ListItem","position":4,"name":"Solutions audio de conf\u00e9rence"}]},{"@type":"WebSite","@id":"https:\/\/rco.be\/#website","url":"https:\/\/rco.be\/","name":"RCO","description":"Audiovisual Project Designer","publisher":{"@id":"https:\/\/rco.be\/#organization"},"potentialAction":[{"@type":"SearchAction","target":{"@type":"EntryPoint","urlTemplate":"https:\/\/rco.be\/?s={search_term_string}"},"query-input":{"@type":"PropertyValueSpecification","valueRequired":true,"valueName":"search_term_string"}}],"inLanguage":"en-GB"},{"@type":"Organization","@id":"https:\/\/rco.be\/#organization","name":"RCO","url":"https:\/\/rco.be\/","logo":{"@type":"ImageObject","inLanguage":"en-GB","@id":"https:\/\/rco.be\/#\/schema\/logo\/image\/","url":"https:\/\/rco.be\/wp-content\/uploads\/2022\/06\/logo-rco-couleur-hd.png","contentUrl":"https:\/\/rco.be\/wp-content\/uploads\/2022\/06\/logo-rco-couleur-hd.png","width":266,"height":100,"caption":"RCO"},"image":{"@id":"https:\/\/rco.be\/#\/schema\/logo\/image\/"},"sameAs":["https:\/\/www.facebook.com\/RCOSMART\/"]}]}},"_links":{"self":[{"href":"https:\/\/rco.be\/en\/wp-json\/wp\/v2\/pages\/13897","targetHints":{"allow":["GET"]}}],"collection":[{"href":"https:\/\/rco.be\/en\/wp-json\/wp\/v2\/pages"}],"about":[{"href":"https:\/\/rco.be\/en\/wp-json\/wp\/v2\/types\/page"}],"author":[{"embeddable":true,"href":"https:\/\/rco.be\/en\/wp-json\/wp\/v2\/users\/2"}],"replies":[{"embeddable":true,"href":"https:\/\/rco.be\/en\/wp-json\/wp\/v2\/comments?post=13897"}],"version-history":[{"count":26,"href":"https:\/\/rco.be\/en\/wp-json\/wp\/v2\/pages\/13897\/revisions"}],"predecessor-version":[{"id":13930,"href":"https:\/\/rco.be\/en\/wp-json\/wp\/v2\/pages\/13897\/revisions\/13930"}],"up":[{"embeddable":true,"href":"https:\/\/rco.be\/en\/wp-json\/wp\/v2\/pages\/206"}],"wp:attachment":[{"href":"https:\/\/rco.be\/en\/wp-json\/wp\/v2\/media?parent=13897"}],"curies":[{"name":"wp","href":"https:\/\/api.w.org\/{rel}","templated":true}]}}