{"id":206,"date":"2022-06-27T13:49:33","date_gmt":"2022-06-27T11:49:33","guid":{"rendered":"https:\/\/rco.be\/?page_id=206"},"modified":"2023-07-13T20:08:58","modified_gmt":"2023-07-13T18:08:58","slug":"solutions-entreprises","status":"publish","type":"page","link":"https:\/\/rco.be\/en\/rco\/solutions-entreprises\/","title":{"rendered":"For business"},"content":{"rendered":"<div class=\"wpb-content-wrapper\"><div class=\"vc_row wpb_row vc_row-fluid vc_custom_1664013517893 vc_row-o-equal-height vc_row-o-content-bottom vc_row-flex\"><div class=\"wpb_animate_when_almost_visible wpb_fadeInUp fadeInUp wpb_column vc_column_container vc_col-sm-6\"><div class=\"vc_column-inner vc_custom_1664013507524\"><div class=\"wpb_wrapper\"><div id=\"ultimate-heading-704569f09b153c2a5\" class=\"uvc-heading ult-adjust-bottom-margin ultimate-heading-704569f09b153c2a5 uvc-7863\" data-hspacer=\"no_spacer\"  data-halign=\"left\" style=\"text-align:left\"><div class=\"uvc-heading-spacer no_spacer\" style=\"top\"><\/div><div class=\"uvc-main-heading ult-responsive\"  data-ultimate-target='.uvc-heading.ultimate-heading-704569f09b153c2a5 h2'  data-responsive-json-new='{\"font-size\":\"desktop:20px;\",\"line-height\":\"\"}' ><h2 style=\"--font-weight:theme;margin-bottom:10px;\">Vid\u00e9oprojection &amp; \u00e9crans d'affichage professionnels<\/h2><\/div><\/div>\n\t<div  class=\"wpb_single_image wpb_content_element vc_align_center  vc_custom_1657007554753\">\n\t\t\n\t\t<figure class=\"wpb_wrapper vc_figure\">\n\t\t\t<div class=\"vc_single_image-wrapper   vc_box_border_grey\"><img loading=\"lazy\" decoding=\"async\" width=\"800\" height=\"400\" src=\"https:\/\/rco.be\/wp-content\/uploads\/2022\/07\/affichage-professionnel-entreprises.webp\" class=\"vc_single_image-img attachment-large\" alt=\"Installation rco d&#039;un projecteur dans une salle de r\u00e9union.\" title=\"affichage-professionnel-entreprises\" srcset=\"https:\/\/rco.be\/wp-content\/uploads\/2022\/07\/affichage-professionnel-entreprises.webp 800w, https:\/\/rco.be\/wp-content\/uploads\/2022\/07\/affichage-professionnel-entreprises-300x150.webp 300w, https:\/\/rco.be\/wp-content\/uploads\/2022\/07\/affichage-professionnel-entreprises-768x384.webp 768w, https:\/\/rco.be\/wp-content\/uploads\/2022\/07\/affichage-professionnel-entreprises-18x9.webp 18w\" sizes=\"auto, (max-width: 800px) 100vw, 800px\"  data-dt-location=\"https:\/\/rco.be\/en\/rco\/solutions-entreprises\/affichage-professionnel-entreprises\/\" \/><\/div>\n\t\t<\/figure>\n\t<\/div>\n<style type=\"text\/css\" data-type=\"the7_shortcodes-inline-css\">#default-btn-ee5801c53d5e00208d434c00729c3b2e.ico-right-side > i {\n  margin-right: 0px;\n  margin-left: 8px;\n}\n#default-btn-ee5801c53d5e00208d434c00729c3b2e > i {\n  margin-right: 8px;\n}<\/style><div class=\"btn-align-center\"><a href=\"https:\/\/rco.be\/en\/rco\/solutions-entreprises\/affichage-professionnel\/\" class=\"default-btn-shortcode dt-btn dt-btn-l link-hover-off full-width-btn\" id=\"default-btn-ee5801c53d5e00208d434c00729c3b2e\" title=\"Nos affichages professionnels\"><i class=\"icomoon-material-24x24-screen_share\"><\/i><span>D\u00e9couvrir nos affichages professionnels<\/span><\/a><\/div><\/div><\/div><\/div><div class=\"wpb_animate_when_almost_visible wpb_fadeInUp fadeInUp wpb_column vc_column_container vc_col-sm-6\"><div class=\"vc_column-inner vc_custom_1664013511835\"><div class=\"wpb_wrapper\"><div id=\"ultimate-heading-20969f09b153cc44\" class=\"uvc-heading ult-adjust-bottom-margin ultimate-heading-20969f09b153cc44 uvc-1070\" data-hspacer=\"no_spacer\"  data-halign=\"left\" style=\"text-align:left\"><div class=\"uvc-heading-spacer no_spacer\" style=\"top\"><\/div><div class=\"uvc-main-heading ult-responsive\"  data-ultimate-target='.uvc-heading.ultimate-heading-20969f09b153cc44 h2'  data-responsive-json-new='{\"font-size\":\"desktop:20px;\",\"line-height\":\"\"}' ><h2 style=\"--font-weight:theme;margin-bottom:10px;\">\u00c9crans interactifs professionnels<\/h2><\/div><\/div>\n\t<div  class=\"wpb_single_image wpb_content_element vc_align_center  vc_custom_1689271734903\">\n\t\t\n\t\t<figure class=\"wpb_wrapper vc_figure\">\n\t\t\t<div class=\"vc_single_image-wrapper   vc_box_border_grey\"><img loading=\"lazy\" decoding=\"async\" width=\"1024\" height=\"705\" src=\"https:\/\/rco.be\/wp-content\/uploads\/2023\/07\/Smart-board-pro-1024x705.webp\" class=\"vc_single_image-img attachment-large\" alt=\"Quatre personne qui travaille simultan\u00e9ment sur un \u00e9cran interactif SMART Board MX Pro.\" title=\"Smart-board-pro\" srcset=\"https:\/\/rco.be\/wp-content\/uploads\/2023\/07\/Smart-board-pro-1024x705.webp 1024w, https:\/\/rco.be\/wp-content\/uploads\/2023\/07\/Smart-board-pro-300x207.webp 300w, https:\/\/rco.be\/wp-content\/uploads\/2023\/07\/Smart-board-pro-768x529.webp 768w, https:\/\/rco.be\/wp-content\/uploads\/2023\/07\/Smart-board-pro.webp 1279w\" sizes=\"auto, (max-width: 1024px) 100vw, 1024px\"  data-dt-location=\"https:\/\/rco.be\/en\/rco\/solutions-entreprises\/ecrans-professionnels\/smart-board-pro\/\" \/><\/div>\n\t\t<\/figure>\n\t<\/div>\n<style type=\"text\/css\" data-type=\"the7_shortcodes-inline-css\">#default-btn-8cba71da139af430b36a70c4e4f8754d.ico-right-side > i {\n  margin-right: 0px;\n  margin-left: 8px;\n}\n#default-btn-8cba71da139af430b36a70c4e4f8754d > i {\n  margin-right: 8px;\n}<\/style><div class=\"btn-align-center\"><a href=\"https:\/\/rco.be\/en\/rco\/solutions-entreprises\/ecrans-professionnels\/\" class=\"default-btn-shortcode dt-btn dt-btn-l link-hover-off full-width-btn\" id=\"default-btn-8cba71da139af430b36a70c4e4f8754d\" title=\"Nos \u00e9crans interactifs professionels\"><i class=\"icomoon-material-24x24-screen_share\"><\/i><span>D\u00e9couvrir nos \u00e9crans interactifs<\/span><\/a><\/div><\/div><\/div><\/div><\/div><div class=\"vc_row wpb_row vc_row-fluid vc_custom_1664013535010 vc_row-o-equal-height vc_row-o-content-bottom vc_row-flex\"><div class=\"wpb_animate_when_almost_visible wpb_fadeInUp fadeInUp wpb_column vc_column_container vc_col-sm-6\"><div class=\"vc_column-inner vc_custom_1664013524597\"><div class=\"wpb_wrapper\"><div id=\"ultimate-heading-596269f09b153d7e8\" class=\"uvc-heading ult-adjust-bottom-margin ultimate-heading-596269f09b153d7e8 uvc-5291\" data-hspacer=\"no_spacer\"  data-halign=\"left\" style=\"text-align:left\"><div class=\"uvc-heading-spacer no_spacer\" style=\"top\"><\/div><div class=\"uvc-main-heading ult-responsive\"  data-ultimate-target='.uvc-heading.ultimate-heading-596269f09b153d7e8 h2'  data-responsive-json-new='{\"font-size\":\"desktop:20px;\",\"line-height\":\"\"}' ><h2 style=\"--font-weight:theme;margin-bottom:10px;\">Visioconf\u00e9rence &amp; streaming vid\u00e9o<\/h2><\/div><\/div>\n\t<div  class=\"wpb_single_image wpb_content_element vc_align_center  vc_custom_1657007584688\">\n\t\t\n\t\t<figure class=\"wpb_wrapper vc_figure\">\n\t\t\t<div class=\"vc_single_image-wrapper   vc_box_border_grey\"><img loading=\"lazy\" decoding=\"async\" width=\"800\" height=\"400\" src=\"https:\/\/rco.be\/wp-content\/uploads\/2022\/07\/visioconfe\u0301rence-entreprises.webp\" class=\"vc_single_image-img attachment-large\" alt=\"Syst\u00e8me de visioconf\u00e9rence dans une salle de r\u00e9union avec des employ\u00e9s.\" title=\"visioconfe\u0301rence-entreprises\" srcset=\"https:\/\/rco.be\/wp-content\/uploads\/2022\/07\/visioconfe\u0301rence-entreprises.webp 800w, https:\/\/rco.be\/wp-content\/uploads\/2022\/07\/visioconfe\u0301rence-entreprises-300x150.webp 300w, https:\/\/rco.be\/wp-content\/uploads\/2022\/07\/visioconfe\u0301rence-entreprises-768x384.webp 768w, https:\/\/rco.be\/wp-content\/uploads\/2022\/07\/visioconfe\u0301rence-entreprises-18x9.webp 18w\" sizes=\"auto, (max-width: 800px) 100vw, 800px\"  data-dt-location=\"https:\/\/rco.be\/en\/rco\/solutions-entreprises\/visioconference-entreprises-2\/\" \/><\/div>\n\t\t<\/figure>\n\t<\/div>\n<style type=\"text\/css\" data-type=\"the7_shortcodes-inline-css\">#default-btn-d46be4b440b7be5212207441905f12a0.ico-right-side > i {\n  margin-right: 0px;\n  margin-left: 8px;\n}\n#default-btn-d46be4b440b7be5212207441905f12a0 > i {\n  margin-right: 8px;\n}<\/style><div class=\"btn-align-center\"><a href=\"https:\/\/rco.be\/en\/rco\/solutions-entreprises\/visioconference\/\" class=\"default-btn-shortcode dt-btn dt-btn-l link-hover-off full-width-btn\" id=\"default-btn-d46be4b440b7be5212207441905f12a0\" title=\"Nos solutions de visioconf\u00e9rence\"><i class=\"icomoon-material-24x24-screen_share\"><\/i><span>D\u00e9couvrir nos solutions de visioconf\u00e9rence<\/span><\/a><\/div><\/div><\/div><\/div><div class=\"wpb_animate_when_almost_visible wpb_fadeInUp fadeInUp wpb_column vc_column_container vc_col-sm-6\"><div class=\"vc_column-inner vc_custom_1664013528896\"><div class=\"wpb_wrapper\"><div id=\"ultimate-heading-278469f09b153dec6\" class=\"uvc-heading ult-adjust-bottom-margin ultimate-heading-278469f09b153dec6 uvc-5201\" data-hspacer=\"no_spacer\"  data-halign=\"left\" style=\"text-align:left\"><div class=\"uvc-heading-spacer no_spacer\" style=\"top\"><\/div><div class=\"uvc-main-heading ult-responsive\"  data-ultimate-target='.uvc-heading.ultimate-heading-278469f09b153dec6 h2'  data-responsive-json-new='{\"font-size\":\"desktop:20px;\",\"line-height\":\"\"}' ><h2 style=\"--font-weight:theme;margin-bottom:10px;\">Solutions de pr\u00e9sentation &amp; visioconf\u00e9rence sans fil<\/h2><\/div><\/div>\n\t<div  class=\"wpb_single_image wpb_content_element vc_align_center  vc_custom_1657007600273\">\n\t\t\n\t\t<figure class=\"wpb_wrapper vc_figure\">\n\t\t\t<div class=\"vc_single_image-wrapper   vc_box_border_grey\"><img loading=\"lazy\" decoding=\"async\" width=\"800\" height=\"400\" src=\"https:\/\/rco.be\/wp-content\/uploads\/2022\/07\/pre\u0301sentation-sans-fil-entreprises.webp\" class=\"vc_single_image-img attachment-large\" alt=\"Des personnes en appel vid\u00e9o sans-fil gr\u00e2ce \u00e0 Barco Clickshare.\" title=\"pre\u0301sentation-sans-fil-entreprises\" srcset=\"https:\/\/rco.be\/wp-content\/uploads\/2022\/07\/pre\u0301sentation-sans-fil-entreprises.webp 800w, https:\/\/rco.be\/wp-content\/uploads\/2022\/07\/pre\u0301sentation-sans-fil-entreprises-300x150.webp 300w, https:\/\/rco.be\/wp-content\/uploads\/2022\/07\/pre\u0301sentation-sans-fil-entreprises-768x384.webp 768w, https:\/\/rco.be\/wp-content\/uploads\/2022\/07\/pre\u0301sentation-sans-fil-entreprises-18x9.webp 18w\" sizes=\"auto, (max-width: 800px) 100vw, 800px\"  data-dt-location=\"https:\/\/rco.be\/en\/rco\/solutions-entreprises\/presentation-sans-fil-entreprises-2\/\" \/><\/div>\n\t\t<\/figure>\n\t<\/div>\n<style type=\"text\/css\" data-type=\"the7_shortcodes-inline-css\">#default-btn-11474b441362eeb2f2dfc1862db81ca9.ico-right-side > i {\n  margin-right: 0px;\n  margin-left: 8px;\n}\n#default-btn-11474b441362eeb2f2dfc1862db81ca9 > i {\n  margin-right: 8px;\n}<\/style><div class=\"btn-align-center\"><a href=\"https:\/\/rco.be\/en\/rco\/solutions-entreprises\/presentation-sans-fil\/\" class=\"default-btn-shortcode dt-btn dt-btn-l link-hover-off full-width-btn\" id=\"default-btn-11474b441362eeb2f2dfc1862db81ca9\" title=\"Nos solutions de pr\u00e9sentations sans-fil\"><i class=\"icomoon-material-24x24-screen_share\"><\/i><span>D\u00e9couvrir Barco ClickShare<\/span><\/a><\/div><\/div><\/div><\/div><\/div><div class=\"vc_row wpb_row vc_row-fluid vc_row-o-equal-height vc_row-o-content-bottom vc_row-flex\"><div class=\"wpb_animate_when_almost_visible wpb_fadeInUp fadeInUp wpb_column vc_column_container vc_col-sm-6\"><div class=\"vc_column-inner vc_custom_1664013542103\"><div class=\"wpb_wrapper\"><div id=\"ultimate-heading-766469f09b153e793\" class=\"uvc-heading ult-adjust-bottom-margin ultimate-heading-766469f09b153e793 uvc-1835\" data-hspacer=\"no_spacer\"  data-halign=\"left\" style=\"text-align:left\"><div class=\"uvc-heading-spacer no_spacer\" style=\"top\"><\/div><div class=\"uvc-main-heading ult-responsive\"  data-ultimate-target='.uvc-heading.ultimate-heading-766469f09b153e793 h2'  data-responsive-json-new='{\"font-size\":\"desktop:20px;\",\"line-height\":\"\"}' ><h2 style=\"--font-weight:theme;margin-bottom:10px;\">Sonorisation de salles et microphones<\/h2><\/div><\/div>\n\t<div  class=\"wpb_single_image wpb_content_element vc_align_center  vc_custom_1657007620119\">\n\t\t\n\t\t<figure class=\"wpb_wrapper vc_figure\">\n\t\t\t<div class=\"vc_single_image-wrapper   vc_box_border_grey\"><img loading=\"lazy\" decoding=\"async\" width=\"800\" height=\"400\" src=\"https:\/\/rco.be\/wp-content\/uploads\/2022\/07\/sonorisation-salle-microphone-entreprises.webp\" class=\"vc_single_image-img attachment-large\" alt=\"Des employ\u00e9s d&#039;un bureau en r\u00e9union dans une salle vitr\u00e9e.\" title=\"sonorisation-salle-microphone-entreprises\" srcset=\"https:\/\/rco.be\/wp-content\/uploads\/2022\/07\/sonorisation-salle-microphone-entreprises.webp 800w, https:\/\/rco.be\/wp-content\/uploads\/2022\/07\/sonorisation-salle-microphone-entreprises-300x150.webp 300w, https:\/\/rco.be\/wp-content\/uploads\/2022\/07\/sonorisation-salle-microphone-entreprises-768x384.webp 768w, https:\/\/rco.be\/wp-content\/uploads\/2022\/07\/sonorisation-salle-microphone-entreprises-18x9.webp 18w\" sizes=\"auto, (max-width: 800px) 100vw, 800px\"  data-dt-location=\"https:\/\/rco.be\/en\/rco\/solutions-entreprises\/sonorisation-salle-microphone-entreprises-2\/\" \/><\/div>\n\t\t<\/figure>\n\t<\/div>\n<style type=\"text\/css\" data-type=\"the7_shortcodes-inline-css\">#default-btn-ddb43d2da391a644069f02fe75f20c6c.ico-right-side > i {\n  margin-right: 0px;\n  margin-left: 8px;\n}\n#default-btn-ddb43d2da391a644069f02fe75f20c6c > i {\n  margin-right: 8px;\n}<\/style><div class=\"btn-align-center\"><a href=\"https:\/\/rco.be\/en\/rco\/solutions-entreprises\/sonorisation-microphone\/\" class=\"default-btn-shortcode dt-btn dt-btn-l link-hover-off full-width-btn\" id=\"default-btn-ddb43d2da391a644069f02fe75f20c6c\" title=\"Nos syst\u00e8mes de sonorisation\"><i class=\"icomoon-material-24x24-screen_share\"><\/i><span>D\u00e9couvrir nos syst\u00e8mes de sonorisation<\/span><\/a><\/div><\/div><\/div><\/div><div class=\"wpb_animate_when_almost_visible wpb_fadeInUp fadeInUp wpb_column vc_column_container vc_col-sm-6\"><div class=\"vc_column-inner vc_custom_1664013547546\"><div class=\"wpb_wrapper\"><div id=\"ultimate-heading-814569f09b153ee6f\" class=\"uvc-heading ult-adjust-bottom-margin ultimate-heading-814569f09b153ee6f uvc-2575\" data-hspacer=\"no_spacer\"  data-halign=\"left\" style=\"text-align:left\"><div class=\"uvc-heading-spacer no_spacer\" style=\"top\"><\/div><div class=\"uvc-main-heading ult-responsive\"  data-ultimate-target='.uvc-heading.ultimate-heading-814569f09b153ee6f h2'  data-responsive-json-new='{\"font-size\":\"desktop:20px;\",\"line-height\":\"\"}' ><h2 style=\"--font-weight:theme;margin-bottom:10px;\">Syst\u00e8mes de r\u00e9servation de salles<\/h2><\/div><\/div>\n\t<div  class=\"wpb_single_image wpb_content_element vc_align_center  vc_custom_1657007636224\">\n\t\t\n\t\t<figure class=\"wpb_wrapper vc_figure\">\n\t\t\t<div class=\"vc_single_image-wrapper   vc_box_border_grey\"><img loading=\"lazy\" decoding=\"async\" width=\"800\" height=\"400\" src=\"https:\/\/rco.be\/wp-content\/uploads\/2022\/07\/syste\u0300mes-re\u0301servation-salles-entreprises.webp\" class=\"vc_single_image-img attachment-large\" alt=\"Une salle de r\u00e9union avec un syst\u00e8me de r\u00e9servation de salle sur le mur devant la porte.\" title=\"syste\u0300mes-re\u0301servation-salles-entreprises\" srcset=\"https:\/\/rco.be\/wp-content\/uploads\/2022\/07\/syste\u0300mes-re\u0301servation-salles-entreprises.webp 800w, https:\/\/rco.be\/wp-content\/uploads\/2022\/07\/syste\u0300mes-re\u0301servation-salles-entreprises-300x150.webp 300w, https:\/\/rco.be\/wp-content\/uploads\/2022\/07\/syste\u0300mes-re\u0301servation-salles-entreprises-768x384.webp 768w, https:\/\/rco.be\/wp-content\/uploads\/2022\/07\/syste\u0300mes-re\u0301servation-salles-entreprises-18x9.webp 18w\" sizes=\"auto, (max-width: 800px) 100vw, 800px\"  data-dt-location=\"https:\/\/rco.be\/en\/rco\/solutions-entreprises\/systemes-reservation-salles-entreprises-2\/\" \/><\/div>\n\t\t<\/figure>\n\t<\/div>\n<style type=\"text\/css\" data-type=\"the7_shortcodes-inline-css\">#default-btn-e0f2015f562fda25002b081e16301c92.ico-right-side > i {\n  margin-right: 0px;\n  margin-left: 8px;\n}\n#default-btn-e0f2015f562fda25002b081e16301c92 > i {\n  margin-right: 8px;\n}<\/style><div class=\"btn-align-center\"><a href=\"https:\/\/rco.be\/en\/rco\/solutions-entreprises\/reservation-salle\/\" class=\"default-btn-shortcode dt-btn dt-btn-l link-hover-off full-width-btn\" id=\"default-btn-e0f2015f562fda25002b081e16301c92\" title=\"Nos solutions de r\u00e9servation\"><i class=\"icomoon-material-24x24-screen_share\"><\/i><span>D\u00e9couvrir nos syst\u00e8mes de r\u00e9servation<\/span><\/a><\/div><\/div><\/div><\/div><\/div>\n<\/div>","protected":false},"excerpt":{"rendered":"<p>Vid\u00e9oprojection &amp; \u00e9crans d&rsquo;affichage professionnels \u00c9crans interactifs professionnels Visioconf\u00e9rence &amp; streaming vid\u00e9o Solutions de pr\u00e9sentation &amp; visioconf\u00e9rence sans fil Sonorisation de salles et microphones Syst\u00e8mes de r\u00e9servation de salles<\/p>","protected":false},"author":1,"featured_media":0,"parent":17,"menu_order":0,"comment_status":"closed","ping_status":"closed","template":"","meta":{"footnotes":""},"class_list":["post-206","page","type-page","status-publish","hentry","description-off"],"yoast_head":"<!-- This site is optimized with the Yoast SEO plugin v27.1.1 - https:\/\/yoast.com\/product\/yoast-seo-wordpress\/ -->\n<title>Nos solutions Pour les entreprises - RCO<\/title>\n<meta name=\"description\" content=\"Vous \u00eates une entreprise et avez un projet audiovisuel ? D\u00e9couvrez toutes nos solutions adapt\u00e9es aux besoins du monde professionnel.\" \/>\n<meta name=\"robots\" content=\"index, follow, max-snippet:-1, max-image-preview:large, max-video-preview:-1\" \/>\n<link rel=\"canonical\" href=\"https:\/\/rco.be\/en\/rco\/solutions-entreprises\/\" \/>\n<meta property=\"og:locale\" content=\"en_GB\" \/>\n<meta property=\"og:type\" content=\"article\" \/>\n<meta property=\"og:title\" content=\"Nos solutions Pour les entreprises - RCO\" \/>\n<meta property=\"og:description\" content=\"Vous \u00eates une entreprise et avez un projet audiovisuel ? D\u00e9couvrez toutes nos solutions adapt\u00e9es aux besoins du monde professionnel.\" \/>\n<meta property=\"og:url\" content=\"https:\/\/rco.be\/en\/rco\/solutions-entreprises\/\" \/>\n<meta property=\"og:site_name\" content=\"RCO\" \/>\n<meta property=\"article:publisher\" content=\"https:\/\/www.facebook.com\/RCOSMART\/\" \/>\n<meta property=\"article:modified_time\" content=\"2023-07-13T18:08:58+00:00\" \/>\n<meta name=\"twitter:card\" content=\"summary_large_image\" \/>\n<meta name=\"twitter:label1\" content=\"Estimated reading time\" \/>\n\t<meta name=\"twitter:data1\" content=\"1 minute\" \/>\n<script type=\"application\/ld+json\" class=\"yoast-schema-graph\">{\"@context\":\"https:\/\/schema.org\",\"@graph\":[{\"@type\":\"WebPage\",\"@id\":\"https:\/\/rco.be\/rco\/solutions-entreprises\/\",\"url\":\"https:\/\/rco.be\/rco\/solutions-entreprises\/\",\"name\":\"Nos solutions Pour les entreprises - RCO\",\"isPartOf\":{\"@id\":\"https:\/\/rco.be\/#website\"},\"datePublished\":\"2022-06-27T11:49:33+00:00\",\"dateModified\":\"2023-07-13T18:08:58+00:00\",\"description\":\"Vous \u00eates une entreprise et avez un projet audiovisuel ? D\u00e9couvrez toutes nos solutions adapt\u00e9es aux besoins du monde professionnel.\",\"breadcrumb\":{\"@id\":\"https:\/\/rco.be\/rco\/solutions-entreprises\/#breadcrumb\"},\"inLanguage\":\"en-GB\",\"potentialAction\":[{\"@type\":\"ReadAction\",\"target\":[\"https:\/\/rco.be\/rco\/solutions-entreprises\/\"]}]},{\"@type\":\"BreadcrumbList\",\"@id\":\"https:\/\/rco.be\/rco\/solutions-entreprises\/#breadcrumb\",\"itemListElement\":[{\"@type\":\"ListItem\",\"position\":1,\"name\":\"Accueil\",\"item\":\"https:\/\/rco.be\/\"},{\"@type\":\"ListItem\",\"position\":2,\"name\":\"RCO\",\"item\":\"https:\/\/rco.be\/\"},{\"@type\":\"ListItem\",\"position\":3,\"name\":\"Pour les entreprises\"}]},{\"@type\":\"WebSite\",\"@id\":\"https:\/\/rco.be\/#website\",\"url\":\"https:\/\/rco.be\/\",\"name\":\"RCO\",\"description\":\"Concepteur de projets audiovisuels\",\"publisher\":{\"@id\":\"https:\/\/rco.be\/#organization\"},\"potentialAction\":[{\"@type\":\"SearchAction\",\"target\":{\"@type\":\"EntryPoint\",\"urlTemplate\":\"https:\/\/rco.be\/?s={search_term_string}\"},\"query-input\":{\"@type\":\"PropertyValueSpecification\",\"valueRequired\":true,\"valueName\":\"search_term_string\"}}],\"inLanguage\":\"en-GB\"},{\"@type\":\"Organization\",\"@id\":\"https:\/\/rco.be\/#organization\",\"name\":\"RCO\",\"url\":\"https:\/\/rco.be\/\",\"logo\":{\"@type\":\"ImageObject\",\"inLanguage\":\"en-GB\",\"@id\":\"https:\/\/rco.be\/#\/schema\/logo\/image\/\",\"url\":\"https:\/\/rco.be\/wp-content\/uploads\/2022\/06\/logo-rco-couleur-hd.png\",\"contentUrl\":\"https:\/\/rco.be\/wp-content\/uploads\/2022\/06\/logo-rco-couleur-hd.png\",\"width\":266,\"height\":100,\"caption\":\"RCO\"},\"image\":{\"@id\":\"https:\/\/rco.be\/#\/schema\/logo\/image\/\"},\"sameAs\":[\"https:\/\/www.facebook.com\/RCOSMART\/\"]}]}<\/script>\n<!-- \/ Yoast SEO plugin. -->","yoast_head_json":{"title":"Nos solutions Pour les entreprises - RCO","description":"Vous \u00eates une entreprise et avez un projet audiovisuel ? D\u00e9couvrez toutes nos solutions adapt\u00e9es aux besoins du monde professionnel.","robots":{"index":"index","follow":"follow","max-snippet":"max-snippet:-1","max-image-preview":"max-image-preview:large","max-video-preview":"max-video-preview:-1"},"canonical":"https:\/\/rco.be\/en\/rco\/solutions-entreprises\/","og_locale":"en_GB","og_type":"article","og_title":"Nos solutions Pour les entreprises - RCO","og_description":"Vous \u00eates une entreprise et avez un projet audiovisuel ? D\u00e9couvrez toutes nos solutions adapt\u00e9es aux besoins du monde professionnel.","og_url":"https:\/\/rco.be\/en\/rco\/solutions-entreprises\/","og_site_name":"RCO","article_publisher":"https:\/\/www.facebook.com\/RCOSMART\/","article_modified_time":"2023-07-13T18:08:58+00:00","twitter_card":"summary_large_image","twitter_misc":{"Estimated reading time":"1 minute"},"schema":{"@context":"https:\/\/schema.org","@graph":[{"@type":"WebPage","@id":"https:\/\/rco.be\/rco\/solutions-entreprises\/","url":"https:\/\/rco.be\/rco\/solutions-entreprises\/","name":"Nos solutions Pour les entreprises - RCO","isPartOf":{"@id":"https:\/\/rco.be\/#website"},"datePublished":"2022-06-27T11:49:33+00:00","dateModified":"2023-07-13T18:08:58+00:00","description":"Vous \u00eates une entreprise et avez un projet audiovisuel ? D\u00e9couvrez toutes nos solutions adapt\u00e9es aux besoins du monde professionnel.","breadcrumb":{"@id":"https:\/\/rco.be\/rco\/solutions-entreprises\/#breadcrumb"},"inLanguage":"en-GB","potentialAction":[{"@type":"ReadAction","target":["https:\/\/rco.be\/rco\/solutions-entreprises\/"]}]},{"@type":"BreadcrumbList","@id":"https:\/\/rco.be\/rco\/solutions-entreprises\/#breadcrumb","itemListElement":[{"@type":"ListItem","position":1,"name":"Accueil","item":"https:\/\/rco.be\/"},{"@type":"ListItem","position":2,"name":"RCO","item":"https:\/\/rco.be\/"},{"@type":"ListItem","position":3,"name":"Pour les entreprises"}]},{"@type":"WebSite","@id":"https:\/\/rco.be\/#website","url":"https:\/\/rco.be\/","name":"RCO","description":"Audiovisual Project Designer","publisher":{"@id":"https:\/\/rco.be\/#organization"},"potentialAction":[{"@type":"SearchAction","target":{"@type":"EntryPoint","urlTemplate":"https:\/\/rco.be\/?s={search_term_string}"},"query-input":{"@type":"PropertyValueSpecification","valueRequired":true,"valueName":"search_term_string"}}],"inLanguage":"en-GB"},{"@type":"Organization","@id":"https:\/\/rco.be\/#organization","name":"RCO","url":"https:\/\/rco.be\/","logo":{"@type":"ImageObject","inLanguage":"en-GB","@id":"https:\/\/rco.be\/#\/schema\/logo\/image\/","url":"https:\/\/rco.be\/wp-content\/uploads\/2022\/06\/logo-rco-couleur-hd.png","contentUrl":"https:\/\/rco.be\/wp-content\/uploads\/2022\/06\/logo-rco-couleur-hd.png","width":266,"height":100,"caption":"RCO"},"image":{"@id":"https:\/\/rco.be\/#\/schema\/logo\/image\/"},"sameAs":["https:\/\/www.facebook.com\/RCOSMART\/"]}]}},"_links":{"self":[{"href":"https:\/\/rco.be\/en\/wp-json\/wp\/v2\/pages\/206","targetHints":{"allow":["GET"]}}],"collection":[{"href":"https:\/\/rco.be\/en\/wp-json\/wp\/v2\/pages"}],"about":[{"href":"https:\/\/rco.be\/en\/wp-json\/wp\/v2\/types\/page"}],"author":[{"embeddable":true,"href":"https:\/\/rco.be\/en\/wp-json\/wp\/v2\/users\/1"}],"replies":[{"embeddable":true,"href":"https:\/\/rco.be\/en\/wp-json\/wp\/v2\/comments?post=206"}],"version-history":[{"count":24,"href":"https:\/\/rco.be\/en\/wp-json\/wp\/v2\/pages\/206\/revisions"}],"predecessor-version":[{"id":3685,"href":"https:\/\/rco.be\/en\/wp-json\/wp\/v2\/pages\/206\/revisions\/3685"}],"up":[{"embeddable":true,"href":"https:\/\/rco.be\/en\/wp-json\/wp\/v2\/pages\/17"}],"wp:attachment":[{"href":"https:\/\/rco.be\/en\/wp-json\/wp\/v2\/media?parent=206"}],"curies":[{"name":"wp","href":"https:\/\/api.w.org\/{rel}","templated":true}]}}