{"id":248,"date":"2022-06-27T14:40:13","date_gmt":"2022-06-27T12:40:13","guid":{"rendered":"https:\/\/rco.be\/?page_id=248"},"modified":"2025-08-07T14:17:31","modified_gmt":"2025-08-07T12:17:31","slug":"realisations","status":"publish","type":"page","link":"https:\/\/rco.be\/en\/rco\/references\/realisations\/","title":{"rendered":"Our achievements"},"content":{"rendered":"<div class=\"wpb-content-wrapper\"><div class=\"vc_row wpb_row vc_row-fluid vc_custom_1660476613277\"><div class=\"wpb_column vc_column_container vc_col-sm-12\"><div class=\"vc_column-inner\"><div class=\"wpb_wrapper\"><div id=\"ultimate-heading-414469f26c3ed4db4\" class=\"uvc-heading ult-adjust-bottom-margin ultimate-heading-414469f26c3ed4db4 uvc-12  uvc-heading-default-font-sizes\" data-hspacer=\"line_only\"  data-halign=\"center\" style=\"text-align:center\"><div class=\"uvc-main-heading ult-responsive\"  data-ultimate-target='.uvc-heading.ultimate-heading-414469f26c3ed4db4 h2'  data-responsive-json-new='{\"font-size\":\"\",\"line-height\":\"\"}' ><h2 style=\"--font-weight:theme;margin-bottom:15px;\">Les images parlant plus que les mots, voici nos r\u00e9alisations<\/h2><\/div><div class=\"uvc-heading-spacer line_only\" style=\"margin-bottom:20px;height:2px;\"><span class=\"uvc-headings-line\" style=\"border-style:solid;border-bottom-width:2px;border-color:#233660;width:200px;\"><\/span><\/div><\/div><div class=\"vc_row wpb_row vc_inner vc_row-fluid\"><div class=\"wpb_column vc_column_container vc_col-sm-6 vc_hidden-sm vc_hidden-xs\"><div class=\"vc_column-inner\"><div class=\"wpb_wrapper\"><style type=\"text\/css\" data-type=\"the7_shortcodes-inline-css\">#default-btn-334a1e56f431810d07eed2cd80a2dda7.ico-right-side > i {\n  margin-right: 0px;\n  margin-left: 8px;\n}\n#default-btn-334a1e56f431810d07eed2cd80a2dda7 > i {\n  margin-right: 8px;\n}<\/style><div class=\"btn-align-center\"><a href=\"#!\/entreprises\" class=\"default-btn-shortcode dt-btn dt-btn-m link-hover-off anchor-link\" id=\"default-btn-334a1e56f431810d07eed2cd80a2dda7\"><i class=\"icomoon-the7-font-the7-arrow-29-1\"><\/i><span>Installations en entreprises<\/span><\/a><\/div><\/div><\/div><\/div><div class=\"wpb_column vc_column_container vc_col-sm-6 vc_hidden-sm vc_hidden-xs\"><div class=\"vc_column-inner\"><div class=\"wpb_wrapper\"><style type=\"text\/css\" data-type=\"the7_shortcodes-inline-css\">#default-btn-6ce0867a27bd5e4535932d25c26a6029.ico-right-side > i {\n  margin-right: 0px;\n  margin-left: 8px;\n}\n#default-btn-6ce0867a27bd5e4535932d25c26a6029 > i {\n  margin-right: 8px;\n}<\/style><div class=\"btn-align-center\"><a href=\"#!\/education\" class=\"default-btn-shortcode dt-btn dt-btn-m link-hover-off ico-right-side anchor-link\" id=\"default-btn-6ce0867a27bd5e4535932d25c26a6029\"><span>Installations pour l&rsquo;\u00e9ducation<\/span><i class=\"icomoon-the7-font-the7-arrow-29-1\"><\/i><\/a><\/div><\/div><\/div><\/div><\/div><div class=\"vc_row wpb_row vc_inner vc_row-fluid\"><div class=\"wpb_column vc_column_container vc_col-sm-12 vc_hidden-lg vc_hidden-md\"><div class=\"vc_column-inner\"><div class=\"wpb_wrapper\"><style type=\"text\/css\" data-type=\"the7_shortcodes-inline-css\">#default-btn-334a1e56f431810d07eed2cd80a2dda7.ico-right-side > i {\n  margin-right: 0px;\n  margin-left: 8px;\n}\n#default-btn-334a1e56f431810d07eed2cd80a2dda7 > i {\n  margin-right: 8px;\n}<\/style><div class=\"btn-align-center\"><a href=\"#!\/entreprises\" class=\"default-btn-shortcode dt-btn dt-btn-m link-hover-off anchor-link\" id=\"default-btn-334a1e56f431810d07eed2cd80a2dda7\"><i class=\"icomoon-the7-font-the7-arrow-29-1\"><\/i><span>Installations en entreprises<\/span><\/a><\/div><div class=\"vc_empty_space\"   style=\"height: 20px\"><span class=\"vc_empty_space_inner\"><\/span><\/div><style type=\"text\/css\" data-type=\"the7_shortcodes-inline-css\">#default-btn-3eb15f9b1dfb95b392a2ff8e38f93041.ico-right-side > i {\n  margin-right: 0px;\n  margin-left: 8px;\n}\n#default-btn-3eb15f9b1dfb95b392a2ff8e38f93041 > i {\n  margin-right: 8px;\n}<\/style><div class=\"btn-align-center\"><a href=\"#!\/education\" class=\"default-btn-shortcode dt-btn dt-btn-m link-hover-off anchor-link\" id=\"default-btn-3eb15f9b1dfb95b392a2ff8e38f93041\"><i class=\"icomoon-the7-font-the7-arrow-29-1\"><\/i><span>Installations pour l&rsquo;\u00e9ducation<\/span><\/a><\/div><\/div><\/div><\/div><\/div><\/div><\/div><\/div><\/div><!-- Row Backgrounds --><div class=\"upb_color\" data-bg-override=\"ex-full\" data-bg-color=\"#f0f1f2\" data-fadeout=\"\" data-fadeout-percentage=\"30\" data-parallax-content=\"\" data-parallax-content-sense=\"30\" data-row-effect-mobile-disable=\"true\" data-img-parallax-mobile-disable=\"true\" data-rtl=\"false\"  data-custom-vc-row=\"\"  data-vc=\"8.7.2\"  data-is_old_vc=\"\"  data-theme-support=\"\"   data-overlay=\"false\" data-overlay-color=\"\" data-overlay-pattern=\"\" data-overlay-pattern-opacity=\"\" data-overlay-pattern-size=\"\"    ><\/div><div id=\"entreprises\" class=\"vc_row wpb_row vc_row-fluid vc_custom_1657638390289\"><div class=\"wpb_column vc_column_container vc_col-sm-12\"><div class=\"vc_column-inner\"><div class=\"wpb_wrapper\"><div id=\"ultimate-heading-316969f26c3ed5ede\" class=\"uvc-heading ult-adjust-bottom-margin ultimate-heading-316969f26c3ed5ede uvc-7301  uvc-heading-default-font-sizes\" data-hspacer=\"line_only\"  data-halign=\"center\" style=\"text-align:center\"><div class=\"uvc-main-heading ult-responsive\"  data-ultimate-target='.uvc-heading.ultimate-heading-316969f26c3ed5ede h2'  data-responsive-json-new='{\"font-size\":\"\",\"line-height\":\"\"}' ><h2 style=\"--font-weight:theme;margin-bottom:15px;\">Nos installations en entreprises<\/h2><\/div><div class=\"uvc-heading-spacer line_only\" style=\"margin-bottom:20px;height:2px;\"><span class=\"uvc-headings-line\" style=\"border-style:solid;border-bottom-width:2px;border-color:#233660;width:200px;\"><\/span><\/div><\/div>\n<div class=\"vc_grid-container-wrapper vc_clearfix vc_grid-animation-zoomIn\">\n\t<div class=\"vc_grid-container vc_clearfix wpb_content_element vc_masonry_media_grid\" data-initial-loading-animation=\"zoomIn\" data-vc-grid-settings=\"{&quot;page_id&quot;:248,&quot;style&quot;:&quot;all-masonry&quot;,&quot;action&quot;:&quot;vc_get_vc_grid_data&quot;,&quot;shortcode_id&quot;:&quot;1754568505426-aabb76e2c47c521edeb5b4a63a64c727-7&quot;,&quot;tag&quot;:&quot;vc_masonry_media_grid&quot;}\" data-vc-request=\"https:\/\/rco.be\/wp-admin\/admin-ajax.php\" data-vc-post-id=\"248\" data-vc-public-nonce=\"4eeb73ec11\">\n\t\t\n\t<\/div>\n<\/div><\/div><\/div><\/div><\/div><div id=\"education\" class=\"vc_row wpb_row vc_row-fluid vc_custom_1657696080036\"><div class=\"wpb_column vc_column_container vc_col-sm-12\"><div class=\"vc_column-inner\"><div class=\"wpb_wrapper\"><div id=\"ultimate-heading-86569f26c3ed6add\" class=\"uvc-heading ult-adjust-bottom-margin ultimate-heading-86569f26c3ed6add uvc-8845  uvc-heading-default-font-sizes\" data-hspacer=\"line_only\"  data-halign=\"center\" style=\"text-align:center\"><div class=\"uvc-main-heading ult-responsive\"  data-ultimate-target='.uvc-heading.ultimate-heading-86569f26c3ed6add h2'  data-responsive-json-new='{\"font-size\":\"\",\"line-height\":\"\"}' ><h2 style=\"--font-weight:theme;margin-bottom:15px;\">Nos installations dans des \u00e9tablissements scolaires<\/h2><\/div><div class=\"uvc-heading-spacer line_only\" style=\"margin-bottom:20px;height:2px;\"><span class=\"uvc-headings-line\" style=\"border-style:solid;border-bottom-width:2px;border-color:#233660;width:200px;\"><\/span><\/div><\/div>\n<div class=\"vc_grid-container-wrapper vc_clearfix vc_grid-animation-zoomIn\">\n\t<div class=\"vc_grid-container vc_clearfix wpb_content_element vc_masonry_media_grid\" data-initial-loading-animation=\"zoomIn\" data-vc-grid-settings=\"{&quot;page_id&quot;:248,&quot;style&quot;:&quot;all-masonry&quot;,&quot;action&quot;:&quot;vc_get_vc_grid_data&quot;,&quot;shortcode_id&quot;:&quot;1754568505488-031d588c46b711b89787aa3508f96366-1&quot;,&quot;tag&quot;:&quot;vc_masonry_media_grid&quot;}\" data-vc-request=\"https:\/\/rco.be\/wp-admin\/admin-ajax.php\" data-vc-post-id=\"248\" data-vc-public-nonce=\"4eeb73ec11\">\n\t\t\n\t<\/div>\n<\/div><\/div><\/div><\/div><\/div><!-- Row Backgrounds --><div class=\"upb_color\" data-bg-override=\"ex-full\" data-bg-color=\"#f0f1f2\" data-fadeout=\"\" data-fadeout-percentage=\"30\" data-parallax-content=\"\" data-parallax-content-sense=\"30\" data-row-effect-mobile-disable=\"true\" data-img-parallax-mobile-disable=\"true\" data-rtl=\"false\"  data-custom-vc-row=\"\"  data-vc=\"8.7.2\"  data-is_old_vc=\"\"  data-theme-support=\"\"   data-overlay=\"false\" data-overlay-color=\"\" data-overlay-pattern=\"\" data-overlay-pattern-opacity=\"\" data-overlay-pattern-size=\"\"    ><\/div><div class=\"vc_row wpb_row vc_row-fluid vc_row-o-equal-height vc_row-o-content-middle vc_row-flex\"><div class=\"wpb_column vc_column_container vc_col-sm-6 vc_hidden-sm vc_hidden-xs\"><div class=\"vc_column-inner vc_custom_1664573886586\"><div class=\"wpb_wrapper\"><div id=\"ultimate-heading-625669f26c3ed709f\" class=\"uvc-heading ult-adjust-bottom-margin ultimate-heading-625669f26c3ed709f uvc-7991  uvc-heading-default-font-sizes\" data-hspacer=\"line_only\"  data-halign=\"left\" style=\"text-align:left\"><div class=\"uvc-main-heading ult-responsive\"  data-ultimate-target='.uvc-heading.ultimate-heading-625669f26c3ed709f h2'  data-responsive-json-new='{\"font-size\":\"\",\"line-height\":\"\"}' ><h2 style=\"--font-weight:theme;margin-bottom:15px;\">Qui sont nos clients ?<\/h2><\/div><div class=\"uvc-heading-spacer line_only\" style=\"margin-bottom:15px;height:2px;\"><span class=\"uvc-headings-line\" style=\"border-style:solid;border-bottom-width:2px;border-color:#233660;width:100px;\"><\/span><\/div><\/div>\n\t<div class=\"wpb_text_column wpb_content_element\" >\n\t\t<div class=\"wpb_wrapper\">\n\t\t\t<p>Ces clients sont <strong>connus<\/strong> de tous et nous ont fait <strong>confiance<\/strong> pour leur projet audiovisuel.<\/p>\n\n\t\t<\/div>\n\t<\/div>\n<\/div><\/div><\/div><div class=\"wpb_column vc_column_container vc_col-sm-6 vc_hidden-sm vc_hidden-xs\"><div class=\"vc_column-inner vc_custom_1664573891473\"><div class=\"wpb_wrapper\"><style type=\"text\/css\" data-type=\"the7_shortcodes-inline-css\">#default-btn-814117aaf0254f16c92df7694d73b4c2.ico-right-side > i {\n  margin-right: 0px;\n  margin-left: 8px;\n}\n#default-btn-814117aaf0254f16c92df7694d73b4c2 > i {\n  margin-right: 8px;\n}<\/style><div class=\"btn-align-center\"><a href=\"https:\/\/rco.be\/en\/rco\/references\/clients-existants\/\" class=\"default-btn-shortcode dt-btn dt-btn-l link-hover-off\" id=\"default-btn-814117aaf0254f16c92df7694d73b4c2\" title=\"Our clients\"><i class=\"icomoon-material-24x24-person_pin\"><\/i><span>Qui sont nos clients ?<\/span><\/a><\/div><\/div><\/div><\/div><\/div><div class=\"vc_row wpb_row vc_row-fluid vc_row-o-equal-height vc_row-o-content-middle vc_row-flex\"><div class=\"wpb_column vc_column_container vc_col-sm-12 vc_hidden-lg vc_hidden-md\"><div class=\"vc_column-inner vc_custom_1664573809382\"><div class=\"wpb_wrapper\"><div id=\"ultimate-heading-29869f26c3ed7785\" class=\"uvc-heading ult-adjust-bottom-margin ultimate-heading-29869f26c3ed7785 uvc-7585  uvc-heading-default-font-sizes\" data-hspacer=\"line_only\"  data-halign=\"left\" style=\"text-align:left\"><div class=\"uvc-main-heading ult-responsive\"  data-ultimate-target='.uvc-heading.ultimate-heading-29869f26c3ed7785 h2'  data-responsive-json-new='{\"font-size\":\"\",\"line-height\":\"\"}' ><h2 style=\"--font-weight:theme;margin-bottom:15px;\">Qui sont nos clients ?<\/h2><\/div><div class=\"uvc-heading-spacer line_only\" style=\"margin-bottom:15px;height:2px;\"><span class=\"uvc-headings-line\" style=\"border-style:solid;border-bottom-width:2px;border-color:#233660;width:100px;\"><\/span><\/div><\/div>\n\t<div class=\"wpb_text_column wpb_content_element  vc_custom_1664573804113\" >\n\t\t<div class=\"wpb_wrapper\">\n\t\t\t<p>Ces clients sont <strong>connus<\/strong> de tous et nous ont fait <strong>confiance<\/strong> pour leur projet audiovisuel.<\/p>\n\n\t\t<\/div>\n\t<\/div>\n<style type=\"text\/css\" data-type=\"the7_shortcodes-inline-css\">#default-btn-814117aaf0254f16c92df7694d73b4c2.ico-right-side > i {\n  margin-right: 0px;\n  margin-left: 8px;\n}\n#default-btn-814117aaf0254f16c92df7694d73b4c2 > i {\n  margin-right: 8px;\n}<\/style><div class=\"btn-align-center\"><a href=\"https:\/\/rco.be\/en\/rco\/references\/clients-existants\/\" class=\"default-btn-shortcode dt-btn dt-btn-l link-hover-off\" id=\"default-btn-814117aaf0254f16c92df7694d73b4c2\" title=\"Our clients\"><i class=\"icomoon-material-24x24-person_pin\"><\/i><span>Qui sont nos clients ?<\/span><\/a><\/div><\/div><\/div><\/div><\/div><div data-vc-full-width=\"true\" data-vc-full-width-temp=\"true\" data-vc-full-width-init=\"false\" class=\"vc_row wpb_row vc_row-fluid vc_custom_1657190939409 vc_row-has-fill\"><div class=\"wpb_column vc_column_container vc_col-sm-6 vc_hidden-sm vc_hidden-xs\"><div class=\"vc_column-inner vc_custom_1664573667038\"><div class=\"wpb_wrapper\"><style type=\"text\/css\" data-type=\"the7_shortcodes-inline-css\">#default-btn-afd375e985e265ea532927f03ca63a73 {\n  font-size: 14px;\n  line-height: 16px;\n  font-weight: bold;\n  padding: 4px 0px 4px 0px;\n}\n#default-btn-afd375e985e265ea532927f03ca63a73.ico-right-side > i {\n  margin-right: 0px;\n  margin-left: 8px;\n}\n#default-btn-afd375e985e265ea532927f03ca63a73:after {\n  height: 2px;\n}\n#default-btn-afd375e985e265ea532927f03ca63a73 > i {\n  margin-right: 8px;\n  font-size: 11px;\n}\n#default-btn-afd375e985e265ea532927f03ca63a73.ico-right-side > i {\n  margin-right: 0px;\n  margin-left: 8px;\n}\n#default-btn-afd375e985e265ea532927f03ca63a73 > i {\n  margin-right: 8px;\n}<\/style><div class=\"btn-align-left\"><a href=\"https:\/\/rco.be\/en\/rco\/references\/\" class=\"default-btn-shortcode dt-btn-link link-hover-off upwards-line\" id=\"default-btn-afd375e985e265ea532927f03ca63a73\" title=\"References\"><span>Revenir \u00e0 la page R\u00e9f\u00e9rences<\/span><\/a><\/div><\/div><\/div><\/div><div class=\"wpb_column vc_column_container vc_col-sm-6 vc_hidden-sm vc_hidden-xs\"><div class=\"vc_column-inner vc_custom_1664573674706\"><div class=\"wpb_wrapper\"><style type=\"text\/css\" data-type=\"the7_shortcodes-inline-css\">#default-btn-edcf8dec41efa45a3d564be3db6ed9fd {\n  font-size: 14px;\n  line-height: 16px;\n  font-weight: bold;\n  padding: 4px 0px 4px 0px;\n}\n#default-btn-edcf8dec41efa45a3d564be3db6ed9fd.ico-right-side > i {\n  margin-right: 0px;\n  margin-left: 8px;\n}\n#default-btn-edcf8dec41efa45a3d564be3db6ed9fd:after {\n  height: 2px;\n}\n#default-btn-edcf8dec41efa45a3d564be3db6ed9fd > i {\n  margin-right: 8px;\n  font-size: 11px;\n}\n#default-btn-edcf8dec41efa45a3d564be3db6ed9fd.ico-right-side > i {\n  margin-right: 0px;\n  margin-left: 8px;\n}\n#default-btn-edcf8dec41efa45a3d564be3db6ed9fd > i {\n  margin-right: 8px;\n}<\/style><div class=\"btn-align-right\"><a href=\"https:\/\/rco.be\/en\/\" class=\"default-btn-shortcode dt-btn-link link-hover-off upwards-line\" id=\"default-btn-edcf8dec41efa45a3d564be3db6ed9fd\" title=\"RCO\"><span>Revenir \u00e0 la page d&rsquo;accueil<\/span><\/a><\/div><\/div><\/div><\/div><\/div><div class=\"vc_row-full-width vc_clearfix\"><\/div>\n<\/div>","protected":false},"excerpt":{"rendered":"<p>Les images parlant plus que les mots, voici nos r\u00e9alisationsNos installations en entreprisesNos installations dans des \u00e9tablissements scolairesQui sont nos clients ? Ces clients sont connus de tous et nous ont fait confiance pour leur projet audiovisuel. Qui sont nos clients ? Ces clients sont connus de tous et nous ont fait confiance pour leur&hellip;<\/p>","protected":false},"author":1,"featured_media":0,"parent":246,"menu_order":0,"comment_status":"closed","ping_status":"closed","template":"","meta":{"footnotes":""},"class_list":["post-248","page","type-page","status-publish","hentry","description-off"],"yoast_head":"<!-- This site is optimized with the Yoast SEO plugin v27.1.1 - https:\/\/yoast.com\/product\/yoast-seo-wordpress\/ -->\n<title>Nos r\u00e9alisations - RCO<\/title>\n<meta name=\"description\" content=\"Les images parlant plus que les mots, d\u00e9couvrez des photos certaines de nos r\u00e9alisations dans des institutions scolaires et des entreprises.\" \/>\n<meta name=\"robots\" content=\"index, follow, max-snippet:-1, max-image-preview:large, max-video-preview:-1\" \/>\n<link rel=\"canonical\" href=\"https:\/\/rco.be\/en\/rco\/references\/realisations\/\" \/>\n<meta property=\"og:locale\" content=\"en_GB\" \/>\n<meta property=\"og:type\" content=\"article\" \/>\n<meta property=\"og:title\" content=\"Nos r\u00e9alisations - RCO\" \/>\n<meta property=\"og:description\" content=\"Les images parlant plus que les mots, d\u00e9couvrez des photos certaines de nos r\u00e9alisations dans des institutions scolaires et des entreprises.\" \/>\n<meta property=\"og:url\" content=\"https:\/\/rco.be\/en\/rco\/references\/realisations\/\" \/>\n<meta property=\"og:site_name\" content=\"RCO\" \/>\n<meta property=\"article:publisher\" content=\"https:\/\/www.facebook.com\/RCOSMART\/\" \/>\n<meta property=\"article:modified_time\" content=\"2025-08-07T12:17:31+00:00\" \/>\n<meta name=\"twitter:card\" content=\"summary_large_image\" \/>\n<meta name=\"twitter:label1\" content=\"Estimated reading time\" \/>\n\t<meta name=\"twitter:data1\" content=\"11 minutes\" \/>\n<script type=\"application\/ld+json\" class=\"yoast-schema-graph\">{\"@context\":\"https:\/\/schema.org\",\"@graph\":[{\"@type\":\"WebPage\",\"@id\":\"https:\/\/rco.be\/rco\/references\/realisations\/\",\"url\":\"https:\/\/rco.be\/rco\/references\/realisations\/\",\"name\":\"Nos r\u00e9alisations - RCO\",\"isPartOf\":{\"@id\":\"https:\/\/rco.be\/#website\"},\"datePublished\":\"2022-06-27T12:40:13+00:00\",\"dateModified\":\"2025-08-07T12:17:31+00:00\",\"description\":\"Les images parlant plus que les mots, d\u00e9couvrez des photos certaines de nos r\u00e9alisations dans des institutions scolaires et des entreprises.\",\"breadcrumb\":{\"@id\":\"https:\/\/rco.be\/rco\/references\/realisations\/#breadcrumb\"},\"inLanguage\":\"en-GB\",\"potentialAction\":[{\"@type\":\"ReadAction\",\"target\":[\"https:\/\/rco.be\/rco\/references\/realisations\/\"]}]},{\"@type\":\"BreadcrumbList\",\"@id\":\"https:\/\/rco.be\/rco\/references\/realisations\/#breadcrumb\",\"itemListElement\":[{\"@type\":\"ListItem\",\"position\":1,\"name\":\"Accueil\",\"item\":\"https:\/\/rco.be\/\"},{\"@type\":\"ListItem\",\"position\":2,\"name\":\"RCO\",\"item\":\"https:\/\/rco.be\/\"},{\"@type\":\"ListItem\",\"position\":3,\"name\":\"R\u00e9f\u00e9rences\",\"item\":\"https:\/\/rco.be\/rco\/references\/\"},{\"@type\":\"ListItem\",\"position\":4,\"name\":\"Nos r\u00e9alisations\"}]},{\"@type\":\"WebSite\",\"@id\":\"https:\/\/rco.be\/#website\",\"url\":\"https:\/\/rco.be\/\",\"name\":\"RCO\",\"description\":\"Concepteur de projets audiovisuels\",\"publisher\":{\"@id\":\"https:\/\/rco.be\/#organization\"},\"potentialAction\":[{\"@type\":\"SearchAction\",\"target\":{\"@type\":\"EntryPoint\",\"urlTemplate\":\"https:\/\/rco.be\/?s={search_term_string}\"},\"query-input\":{\"@type\":\"PropertyValueSpecification\",\"valueRequired\":true,\"valueName\":\"search_term_string\"}}],\"inLanguage\":\"en-GB\"},{\"@type\":\"Organization\",\"@id\":\"https:\/\/rco.be\/#organization\",\"name\":\"RCO\",\"url\":\"https:\/\/rco.be\/\",\"logo\":{\"@type\":\"ImageObject\",\"inLanguage\":\"en-GB\",\"@id\":\"https:\/\/rco.be\/#\/schema\/logo\/image\/\",\"url\":\"https:\/\/rco.be\/wp-content\/uploads\/2022\/06\/logo-rco-couleur-hd.png\",\"contentUrl\":\"https:\/\/rco.be\/wp-content\/uploads\/2022\/06\/logo-rco-couleur-hd.png\",\"width\":266,\"height\":100,\"caption\":\"RCO\"},\"image\":{\"@id\":\"https:\/\/rco.be\/#\/schema\/logo\/image\/\"},\"sameAs\":[\"https:\/\/www.facebook.com\/RCOSMART\/\"]}]}<\/script>\n<!-- \/ Yoast SEO plugin. -->","yoast_head_json":{"title":"Nos r\u00e9alisations - RCO","description":"Les images parlant plus que les mots, d\u00e9couvrez des photos certaines de nos r\u00e9alisations dans des institutions scolaires et des entreprises.","robots":{"index":"index","follow":"follow","max-snippet":"max-snippet:-1","max-image-preview":"max-image-preview:large","max-video-preview":"max-video-preview:-1"},"canonical":"https:\/\/rco.be\/en\/rco\/references\/realisations\/","og_locale":"en_GB","og_type":"article","og_title":"Nos r\u00e9alisations - RCO","og_description":"Les images parlant plus que les mots, d\u00e9couvrez des photos certaines de nos r\u00e9alisations dans des institutions scolaires et des entreprises.","og_url":"https:\/\/rco.be\/en\/rco\/references\/realisations\/","og_site_name":"RCO","article_publisher":"https:\/\/www.facebook.com\/RCOSMART\/","article_modified_time":"2025-08-07T12:17:31+00:00","twitter_card":"summary_large_image","twitter_misc":{"Estimated reading time":"11 minutes"},"schema":{"@context":"https:\/\/schema.org","@graph":[{"@type":"WebPage","@id":"https:\/\/rco.be\/rco\/references\/realisations\/","url":"https:\/\/rco.be\/rco\/references\/realisations\/","name":"Nos r\u00e9alisations - RCO","isPartOf":{"@id":"https:\/\/rco.be\/#website"},"datePublished":"2022-06-27T12:40:13+00:00","dateModified":"2025-08-07T12:17:31+00:00","description":"Les images parlant plus que les mots, d\u00e9couvrez des photos certaines de nos r\u00e9alisations dans des institutions scolaires et des entreprises.","breadcrumb":{"@id":"https:\/\/rco.be\/rco\/references\/realisations\/#breadcrumb"},"inLanguage":"en-GB","potentialAction":[{"@type":"ReadAction","target":["https:\/\/rco.be\/rco\/references\/realisations\/"]}]},{"@type":"BreadcrumbList","@id":"https:\/\/rco.be\/rco\/references\/realisations\/#breadcrumb","itemListElement":[{"@type":"ListItem","position":1,"name":"Accueil","item":"https:\/\/rco.be\/"},{"@type":"ListItem","position":2,"name":"RCO","item":"https:\/\/rco.be\/"},{"@type":"ListItem","position":3,"name":"R\u00e9f\u00e9rences","item":"https:\/\/rco.be\/rco\/references\/"},{"@type":"ListItem","position":4,"name":"Nos r\u00e9alisations"}]},{"@type":"WebSite","@id":"https:\/\/rco.be\/#website","url":"https:\/\/rco.be\/","name":"RCO","description":"Audiovisual Project Designer","publisher":{"@id":"https:\/\/rco.be\/#organization"},"potentialAction":[{"@type":"SearchAction","target":{"@type":"EntryPoint","urlTemplate":"https:\/\/rco.be\/?s={search_term_string}"},"query-input":{"@type":"PropertyValueSpecification","valueRequired":true,"valueName":"search_term_string"}}],"inLanguage":"en-GB"},{"@type":"Organization","@id":"https:\/\/rco.be\/#organization","name":"RCO","url":"https:\/\/rco.be\/","logo":{"@type":"ImageObject","inLanguage":"en-GB","@id":"https:\/\/rco.be\/#\/schema\/logo\/image\/","url":"https:\/\/rco.be\/wp-content\/uploads\/2022\/06\/logo-rco-couleur-hd.png","contentUrl":"https:\/\/rco.be\/wp-content\/uploads\/2022\/06\/logo-rco-couleur-hd.png","width":266,"height":100,"caption":"RCO"},"image":{"@id":"https:\/\/rco.be\/#\/schema\/logo\/image\/"},"sameAs":["https:\/\/www.facebook.com\/RCOSMART\/"]}]}},"_links":{"self":[{"href":"https:\/\/rco.be\/en\/wp-json\/wp\/v2\/pages\/248","targetHints":{"allow":["GET"]}}],"collection":[{"href":"https:\/\/rco.be\/en\/wp-json\/wp\/v2\/pages"}],"about":[{"href":"https:\/\/rco.be\/en\/wp-json\/wp\/v2\/types\/page"}],"author":[{"embeddable":true,"href":"https:\/\/rco.be\/en\/wp-json\/wp\/v2\/users\/1"}],"replies":[{"embeddable":true,"href":"https:\/\/rco.be\/en\/wp-json\/wp\/v2\/comments?post=248"}],"version-history":[{"count":38,"href":"https:\/\/rco.be\/en\/wp-json\/wp\/v2\/pages\/248\/revisions"}],"predecessor-version":[{"id":13619,"href":"https:\/\/rco.be\/en\/wp-json\/wp\/v2\/pages\/248\/revisions\/13619"}],"up":[{"embeddable":true,"href":"https:\/\/rco.be\/en\/wp-json\/wp\/v2\/pages\/246"}],"wp:attachment":[{"href":"https:\/\/rco.be\/en\/wp-json\/wp\/v2\/media?parent=248"}],"curies":[{"name":"wp","href":"https:\/\/api.w.org\/{rel}","templated":true}]}}