{"id":257,"date":"2022-06-27T14:45:09","date_gmt":"2022-06-27T12:45:09","guid":{"rendered":"https:\/\/rco.be\/?page_id=257"},"modified":"2022-10-15T23:21:14","modified_gmt":"2022-10-15T21:21:14","slug":"faq","status":"publish","type":"page","link":"https:\/\/rco.be\/en\/rco\/aide\/faq\/","title":{"rendered":"Frequently asked questions"},"content":{"rendered":"<div class=\"wpb-content-wrapper\"><div class=\"vc_row wpb_row vc_row-fluid vc_custom_1665868773177\"><div class=\"wpb_column vc_column_container vc_col-sm-12\"><div class=\"vc_column-inner\"><div class=\"wpb_wrapper\"><div id=\"ultimate-heading-69069e650490590c\" class=\"uvc-heading ult-adjust-bottom-margin ultimate-heading-69069e650490590c uvc-4992  uvc-heading-default-font-sizes\" data-hspacer=\"line_only\"  data-halign=\"center\" style=\"text-align:center\"><div class=\"uvc-main-heading ult-responsive\"  data-ultimate-target='.uvc-heading.ultimate-heading-69069e650490590c h2'  data-responsive-json-new='{\"font-size\":\"\",\"line-height\":\"\"}' ><h2 style=\"--font-weight:theme;margin-bottom:15px;\">Vous avez une question \u00e0 propos de RCO ou de l'un de nos produits ?<\/h2><\/div><div class=\"uvc-heading-spacer line_only\" style=\"margin-bottom:15px;height:2px;\"><span class=\"uvc-headings-line\" style=\"border-style:solid;border-bottom-width:2px;border-color:#233660;width:200px;\"><\/span><\/div><\/div>\n\t<div class=\"wpb_text_column wpb_content_element  vc_custom_1663367609702\" >\n\t\t<div class=\"wpb_wrapper\">\n\t\t\t<p>Voici les <strong>r\u00e9ponses<\/strong> aux questions les plus <strong>fr\u00e9quemment<\/strong> pos\u00e9es. Si vous ne trouver toujours pas votre r\u00e9ponse, n&rsquo;h\u00e9sitez pas \u00e0 <a href=\"https:\/\/rco.be\/en\/rco\/contact\/\">contacter RCO<\/a>.<\/p>\n\n\t\t<\/div>\n\t<\/div>\n<div class=\"hr-thin style-dashed\" style=\"width: 100%;border-top-width: 1px;\"><\/div><div id=\"Manolo\" class=\"vc_do_toggle vc_toggle vc_toggle_default vc_toggle_color_default  vc_toggle_size_md vc_custom_1665868872921\"><div class=\"vc_toggle_title\"><h3 style=\"text-align: left\" class=\"vc_custom_heading vc_do_custom_heading\" >Comment b\u00e9n\u00e9ficier de la subvention MANOLO \u00e0 l'acquisition de SMART Learning Suite ?<\/h3><i class=\"vc_toggle_icon\"><\/i><\/div><div class=\"vc_toggle_content\"><p>Pour commencer, vous devez vous connecter sur le <a href=\"https:\/\/www.enseignement.cfwb.be\/manolo\/\" target=\"_blank\" rel=\"noopener\">Portail Manolo<\/a> de la f\u00e9d\u00e9ration Wallonie-Bruxelles.<\/p>\n<p>Ensuite, cliquez sur le bouton pour rechercher un ouvrage.<\/p>\n<p>&nbsp;<\/p>\n<p><a href=\"https:\/\/rco.be\/wp-content\/uploads\/2022\/07\/Etape-1-Manolo.webp\"><img loading=\"lazy\" decoding=\"async\" class=\"alignnone size-large wp-image-778\" src=\"https:\/\/rco.be\/wp-content\/uploads\/2022\/07\/Etape-1-Manolo-1024x355.webp\" alt=\"Screen d'un \u00e9cran montrant le portail Manolo.\" width=\"1024\" height=\"355\" srcset=\"https:\/\/rco.be\/wp-content\/uploads\/2022\/07\/Etape-1-Manolo-1024x355.webp 1024w, https:\/\/rco.be\/wp-content\/uploads\/2022\/07\/Etape-1-Manolo-300x104.webp 300w, https:\/\/rco.be\/wp-content\/uploads\/2022\/07\/Etape-1-Manolo-768x267.webp 768w, https:\/\/rco.be\/wp-content\/uploads\/2022\/07\/Etape-1-Manolo-18x6.webp 18w, https:\/\/rco.be\/wp-content\/uploads\/2022\/07\/Etape-1-Manolo.webp 1135w\" sizes=\"auto, (max-width: 1024px) 100vw, 1024px\" \/><\/a><\/p>\n<p>Rechercher les ouvrages pour l&rsquo;\u00e9diteur RCO (id : 528).<\/p>\n<p><a href=\"https:\/\/rco.be\/wp-content\/uploads\/2022\/07\/Etape-2-Manolo.webp\"><img loading=\"lazy\" decoding=\"async\" class=\"alignnone size-large wp-image-779\" src=\"https:\/\/rco.be\/wp-content\/uploads\/2022\/07\/Etape-2-Manolo-1024x604.webp\" alt=\"Screen d'un \u00e9cran montrant la recherche d'un \u00e9diteur sur le portail Manolo.\" width=\"1024\" height=\"604\" srcset=\"https:\/\/rco.be\/wp-content\/uploads\/2022\/07\/Etape-2-Manolo-1024x604.webp 1024w, https:\/\/rco.be\/wp-content\/uploads\/2022\/07\/Etape-2-Manolo-300x177.webp 300w, https:\/\/rco.be\/wp-content\/uploads\/2022\/07\/Etape-2-Manolo-768x453.webp 768w, https:\/\/rco.be\/wp-content\/uploads\/2022\/07\/Etape-2-Manolo-18x12.webp 18w, https:\/\/rco.be\/wp-content\/uploads\/2022\/07\/Etape-2-Manolo.webp 1139w\" sizes=\"auto, (max-width: 1024px) 100vw, 1024px\" \/><\/a><\/p>\n<p>Enfin, s\u00e9lectionner l&rsquo;ouvrage que vous avez acheter chez <a href=\"https:\/\/rco.be\/en\/\">RCO<\/a>.<\/p>\n<p><a href=\"https:\/\/rco.be\/wp-content\/uploads\/2022\/07\/Etape-3-Manolo.webp\"><img loading=\"lazy\" decoding=\"async\" class=\"alignnone size-large wp-image-780\" src=\"https:\/\/rco.be\/wp-content\/uploads\/2022\/07\/Etape-3-Manolo-1024x699.webp\" alt=\"Screen d'un \u00e9cran montrant la selection d'un ouvrage sur le portail Manolo.\" width=\"1024\" height=\"699\" srcset=\"https:\/\/rco.be\/wp-content\/uploads\/2022\/07\/Etape-3-Manolo-1024x699.webp 1024w, https:\/\/rco.be\/wp-content\/uploads\/2022\/07\/Etape-3-Manolo-300x205.webp 300w, https:\/\/rco.be\/wp-content\/uploads\/2022\/07\/Etape-3-Manolo-768x525.webp 768w, https:\/\/rco.be\/wp-content\/uploads\/2022\/07\/Etape-3-Manolo-18x12.webp 18w, https:\/\/rco.be\/wp-content\/uploads\/2022\/07\/Etape-3-Manolo.webp 1139w\" sizes=\"auto, (max-width: 1024px) 100vw, 1024px\" \/><\/a><\/p>\n<\/div><\/div><div  class=\"vc_do_toggle vc_toggle vc_toggle_default vc_toggle_color_default  vc_toggle_size_md vc_custom_1658746845400\"><div class=\"vc_toggle_title\"><h3 style=\"text-align: left\" class=\"vc_custom_heading vc_do_custom_heading\" >Je souhaite obtenir davantage d'informations, suis-je oblig\u00e9 de me rendre au showroom ?<\/h3><i class=\"vc_toggle_icon\"><\/i><\/div><div class=\"vc_toggle_content\"><p>Bien s\u00fbr que non, nous sommes \u00e9galement disponibles via notre <a href=\"https:\/\/rco.be\/en\/rco\/contact\/\">formulaire de contact<\/a> ou via nos <a href=\"https:\/\/rco.be\/en\/rco\/contact\/informations\/\">Practical information<\/a>.<\/p>\n<\/div><\/div><div  class=\"vc_do_toggle vc_toggle vc_toggle_default vc_toggle_color_default  vc_toggle_size_md vc_custom_1658993987380\"><div class=\"vc_toggle_title\"><h3 style=\"text-align: left\" class=\"vc_custom_heading vc_do_custom_heading\" >O\u00f9 puis-je trouver les prix des produits que vous pr\u00e9sentez sur ce site ?<\/h3><i class=\"vc_toggle_icon\"><\/i><\/div><div class=\"vc_toggle_content\"><p>Les prix ne sont pas pr\u00e9sents sur notre site, car ceux-ci varient r\u00e9guli\u00e8rement. De plus, chaque projet \u00e9tant unique, nous vous proposons des prix personnalis\u00e9s en fonction de vos besoins et de votre budget.<\/p>\n<p>Pour plus d&rsquo;information sur un produit ou nos services, n&rsquo;h\u00e9sitez pas \u00e0 <a href=\"https:\/\/rco.be\/en\/rco\/contact\/\">nous contacter<\/a>. Nous nous ferons un plaisir de vous aider.<\/p>\n<\/div><\/div><\/div><\/div><\/div><\/div><div data-vc-full-width=\"true\" data-vc-full-width-temp=\"true\" data-vc-full-width-init=\"false\" class=\"vc_row wpb_row vc_row-fluid vc_custom_1665868851597 vc_row-has-fill vc_row-o-equal-height vc_row-o-content-middle vc_row-flex\"><div class=\"wpb_column vc_column_container vc_col-sm-8\"><div class=\"vc_column-inner\"><div class=\"wpb_wrapper\"><div id=\"ultimate-heading-994169e6504908302\" class=\"uvc-heading ult-adjust-bottom-margin ultimate-heading-994169e6504908302 uvc-3947  uvc-heading-default-font-sizes\" data-hspacer=\"line_only\"  data-halign=\"left\" style=\"text-align:left\"><div class=\"uvc-main-heading ult-responsive\"  data-ultimate-target='.uvc-heading.ultimate-heading-994169e6504908302 h2'  data-responsive-json-new='{\"font-size\":\"\",\"line-height\":\"\"}' ><h2 style=\"--font-weight:theme;margin-bottom:15px;\">Il vous reste une question sans r\u00e9ponse ?<\/h2><\/div><div class=\"uvc-heading-spacer line_only\" style=\"margin-bottom:15px;height:2px;\"><span class=\"uvc-headings-line\" style=\"border-style:solid;border-bottom-width:2px;border-color:#233660;width:100px;\"><\/span><\/div><\/div>\n\t<div class=\"wpb_text_column wpb_content_element  vc_custom_1665868820367\" >\n\t\t<div class=\"wpb_wrapper\">\n\t\t\t<p>Contactez nous <strong>directement<\/strong> pour qu&rsquo;on puisse vous fournir une <strong>r\u00e9ponse personnalis\u00e9e<\/strong>.<\/p>\n\n\t\t<\/div>\n\t<\/div>\n<\/div><\/div><\/div><div class=\"wpb_column vc_column_container vc_col-sm-4\"><div class=\"vc_column-inner\"><div class=\"wpb_wrapper\"><style type=\"text\/css\" data-type=\"the7_shortcodes-inline-css\">#default-btn-a7e6d74aa0d366c7b7ef81bb3981c1e3.ico-right-side > i {\n  margin-right: 0px;\n  margin-left: 8px;\n}\n#default-btn-a7e6d74aa0d366c7b7ef81bb3981c1e3 > i {\n  margin-right: 8px;\n}<\/style><div class=\"btn-align-center\"><a href=\"https:\/\/rco.be\/en\/rco\/contact\/\" class=\"default-btn-shortcode dt-btn dt-btn-l link-hover-off\" id=\"default-btn-a7e6d74aa0d366c7b7ef81bb3981c1e3\" title=\"Contact RCO\"><i class=\"icomoon-material-24x24-headset_mic\"><\/i><span>Contact RCO<\/span><\/a><\/div><\/div><\/div><\/div><\/div><div class=\"vc_row-full-width vc_clearfix\"><\/div>\n<\/div>","protected":false},"excerpt":{"rendered":"<p>Vous avez une question \u00e0 propos de RCO ou de l&rsquo;un de nos produits ? Voici les r\u00e9ponses aux questions les plus fr\u00e9quemment pos\u00e9es. Si vous ne trouver toujours pas votre r\u00e9ponse, n&rsquo;h\u00e9sitez pas \u00e0 contacter RCO. Comment b\u00e9n\u00e9ficier de la subvention MANOLO \u00e0 l&rsquo;acquisition de SMART Learning Suite ?Pour commencer, vous devez vous connecter&hellip;<\/p>","protected":false},"author":1,"featured_media":0,"parent":252,"menu_order":0,"comment_status":"closed","ping_status":"closed","template":"","meta":{"footnotes":""},"class_list":["post-257","page","type-page","status-publish","hentry","description-off"],"yoast_head":"<!-- This site is optimized with the Yoast SEO plugin v27.1.1 - https:\/\/yoast.com\/product\/yoast-seo-wordpress\/ -->\n<title>Foire aux questions - RCO<\/title>\n<meta name=\"description\" content=\"Une question sur nos produits, notre entreprise ou nos installations ? Parcourez les r\u00e9ponses \u00e0 nos questions les plus fr\u00e9quentes.\" \/>\n<meta name=\"robots\" content=\"index, follow, max-snippet:-1, max-image-preview:large, max-video-preview:-1\" \/>\n<link rel=\"canonical\" href=\"https:\/\/rco.be\/en\/rco\/aide\/faq\/\" \/>\n<meta property=\"og:locale\" content=\"en_GB\" \/>\n<meta property=\"og:type\" content=\"article\" \/>\n<meta property=\"og:title\" content=\"Foire aux questions - RCO\" \/>\n<meta property=\"og:description\" content=\"Une question sur nos produits, notre entreprise ou nos installations ? Parcourez les r\u00e9ponses \u00e0 nos questions les plus fr\u00e9quentes.\" \/>\n<meta property=\"og:url\" content=\"https:\/\/rco.be\/en\/rco\/aide\/faq\/\" \/>\n<meta property=\"og:site_name\" content=\"RCO\" \/>\n<meta property=\"article:publisher\" content=\"https:\/\/www.facebook.com\/RCOSMART\/\" \/>\n<meta property=\"article:modified_time\" content=\"2022-10-15T21:21:14+00:00\" \/>\n<meta property=\"og:image\" content=\"https:\/\/rco.be\/wp-content\/uploads\/2022\/07\/Etape-1-Manolo-1024x355.webp\" \/>\n<meta name=\"twitter:card\" content=\"summary_large_image\" \/>\n<meta name=\"twitter:label1\" content=\"Estimated reading time\" \/>\n\t<meta name=\"twitter:data1\" content=\"3 minutes\" \/>\n<script type=\"application\/ld+json\" class=\"yoast-schema-graph\">{\"@context\":\"https:\/\/schema.org\",\"@graph\":[{\"@type\":\"WebPage\",\"@id\":\"https:\/\/rco.be\/rco\/aide\/faq\/\",\"url\":\"https:\/\/rco.be\/rco\/aide\/faq\/\",\"name\":\"Foire aux questions - RCO\",\"isPartOf\":{\"@id\":\"https:\/\/rco.be\/#website\"},\"primaryImageOfPage\":{\"@id\":\"https:\/\/rco.be\/rco\/aide\/faq\/#primaryimage\"},\"image\":{\"@id\":\"https:\/\/rco.be\/rco\/aide\/faq\/#primaryimage\"},\"thumbnailUrl\":\"https:\/\/rco.be\/wp-content\/uploads\/2022\/07\/Etape-1-Manolo-1024x355.webp\",\"datePublished\":\"2022-06-27T12:45:09+00:00\",\"dateModified\":\"2022-10-15T21:21:14+00:00\",\"description\":\"Une question sur nos produits, notre entreprise ou nos installations ? Parcourez les r\u00e9ponses \u00e0 nos questions les plus fr\u00e9quentes.\",\"breadcrumb\":{\"@id\":\"https:\/\/rco.be\/rco\/aide\/faq\/#breadcrumb\"},\"inLanguage\":\"en-GB\",\"potentialAction\":[{\"@type\":\"ReadAction\",\"target\":[\"https:\/\/rco.be\/rco\/aide\/faq\/\"]}]},{\"@type\":\"ImageObject\",\"inLanguage\":\"en-GB\",\"@id\":\"https:\/\/rco.be\/rco\/aide\/faq\/#primaryimage\",\"url\":\"https:\/\/rco.be\/wp-content\/uploads\/2022\/07\/Etape-1-Manolo-1024x355.webp\",\"contentUrl\":\"https:\/\/rco.be\/wp-content\/uploads\/2022\/07\/Etape-1-Manolo-1024x355.webp\"},{\"@type\":\"BreadcrumbList\",\"@id\":\"https:\/\/rco.be\/rco\/aide\/faq\/#breadcrumb\",\"itemListElement\":[{\"@type\":\"ListItem\",\"position\":1,\"name\":\"Accueil\",\"item\":\"https:\/\/rco.be\/\"},{\"@type\":\"ListItem\",\"position\":2,\"name\":\"RCO\",\"item\":\"https:\/\/rco.be\/\"},{\"@type\":\"ListItem\",\"position\":3,\"name\":\"Support\",\"item\":\"https:\/\/rco.be\/rco\/aide\/\"},{\"@type\":\"ListItem\",\"position\":4,\"name\":\"Foire aux questions\"}]},{\"@type\":\"WebSite\",\"@id\":\"https:\/\/rco.be\/#website\",\"url\":\"https:\/\/rco.be\/\",\"name\":\"RCO\",\"description\":\"Concepteur de projets audiovisuels\",\"publisher\":{\"@id\":\"https:\/\/rco.be\/#organization\"},\"potentialAction\":[{\"@type\":\"SearchAction\",\"target\":{\"@type\":\"EntryPoint\",\"urlTemplate\":\"https:\/\/rco.be\/?s={search_term_string}\"},\"query-input\":{\"@type\":\"PropertyValueSpecification\",\"valueRequired\":true,\"valueName\":\"search_term_string\"}}],\"inLanguage\":\"en-GB\"},{\"@type\":\"Organization\",\"@id\":\"https:\/\/rco.be\/#organization\",\"name\":\"RCO\",\"url\":\"https:\/\/rco.be\/\",\"logo\":{\"@type\":\"ImageObject\",\"inLanguage\":\"en-GB\",\"@id\":\"https:\/\/rco.be\/#\/schema\/logo\/image\/\",\"url\":\"https:\/\/rco.be\/wp-content\/uploads\/2022\/06\/logo-rco-couleur-hd.png\",\"contentUrl\":\"https:\/\/rco.be\/wp-content\/uploads\/2022\/06\/logo-rco-couleur-hd.png\",\"width\":266,\"height\":100,\"caption\":\"RCO\"},\"image\":{\"@id\":\"https:\/\/rco.be\/#\/schema\/logo\/image\/\"},\"sameAs\":[\"https:\/\/www.facebook.com\/RCOSMART\/\"]}]}<\/script>\n<!-- \/ Yoast SEO plugin. -->","yoast_head_json":{"title":"Foire aux questions - RCO","description":"Une question sur nos produits, notre entreprise ou nos installations ? Parcourez les r\u00e9ponses \u00e0 nos questions les plus fr\u00e9quentes.","robots":{"index":"index","follow":"follow","max-snippet":"max-snippet:-1","max-image-preview":"max-image-preview:large","max-video-preview":"max-video-preview:-1"},"canonical":"https:\/\/rco.be\/en\/rco\/aide\/faq\/","og_locale":"en_GB","og_type":"article","og_title":"Foire aux questions - RCO","og_description":"Une question sur nos produits, notre entreprise ou nos installations ? Parcourez les r\u00e9ponses \u00e0 nos questions les plus fr\u00e9quentes.","og_url":"https:\/\/rco.be\/en\/rco\/aide\/faq\/","og_site_name":"RCO","article_publisher":"https:\/\/www.facebook.com\/RCOSMART\/","article_modified_time":"2022-10-15T21:21:14+00:00","og_image":[{"url":"https:\/\/rco.be\/wp-content\/uploads\/2022\/07\/Etape-1-Manolo-1024x355.webp","type":"","width":"","height":""}],"twitter_card":"summary_large_image","twitter_misc":{"Estimated reading time":"3 minutes"},"schema":{"@context":"https:\/\/schema.org","@graph":[{"@type":"WebPage","@id":"https:\/\/rco.be\/rco\/aide\/faq\/","url":"https:\/\/rco.be\/rco\/aide\/faq\/","name":"Foire aux questions - RCO","isPartOf":{"@id":"https:\/\/rco.be\/#website"},"primaryImageOfPage":{"@id":"https:\/\/rco.be\/rco\/aide\/faq\/#primaryimage"},"image":{"@id":"https:\/\/rco.be\/rco\/aide\/faq\/#primaryimage"},"thumbnailUrl":"https:\/\/rco.be\/wp-content\/uploads\/2022\/07\/Etape-1-Manolo-1024x355.webp","datePublished":"2022-06-27T12:45:09+00:00","dateModified":"2022-10-15T21:21:14+00:00","description":"Une question sur nos produits, notre entreprise ou nos installations ? Parcourez les r\u00e9ponses \u00e0 nos questions les plus fr\u00e9quentes.","breadcrumb":{"@id":"https:\/\/rco.be\/rco\/aide\/faq\/#breadcrumb"},"inLanguage":"en-GB","potentialAction":[{"@type":"ReadAction","target":["https:\/\/rco.be\/rco\/aide\/faq\/"]}]},{"@type":"ImageObject","inLanguage":"en-GB","@id":"https:\/\/rco.be\/rco\/aide\/faq\/#primaryimage","url":"https:\/\/rco.be\/wp-content\/uploads\/2022\/07\/Etape-1-Manolo-1024x355.webp","contentUrl":"https:\/\/rco.be\/wp-content\/uploads\/2022\/07\/Etape-1-Manolo-1024x355.webp"},{"@type":"BreadcrumbList","@id":"https:\/\/rco.be\/rco\/aide\/faq\/#breadcrumb","itemListElement":[{"@type":"ListItem","position":1,"name":"Accueil","item":"https:\/\/rco.be\/"},{"@type":"ListItem","position":2,"name":"RCO","item":"https:\/\/rco.be\/"},{"@type":"ListItem","position":3,"name":"Support","item":"https:\/\/rco.be\/rco\/aide\/"},{"@type":"ListItem","position":4,"name":"Foire aux questions"}]},{"@type":"WebSite","@id":"https:\/\/rco.be\/#website","url":"https:\/\/rco.be\/","name":"RCO","description":"Audiovisual Project Designer","publisher":{"@id":"https:\/\/rco.be\/#organization"},"potentialAction":[{"@type":"SearchAction","target":{"@type":"EntryPoint","urlTemplate":"https:\/\/rco.be\/?s={search_term_string}"},"query-input":{"@type":"PropertyValueSpecification","valueRequired":true,"valueName":"search_term_string"}}],"inLanguage":"en-GB"},{"@type":"Organization","@id":"https:\/\/rco.be\/#organization","name":"RCO","url":"https:\/\/rco.be\/","logo":{"@type":"ImageObject","inLanguage":"en-GB","@id":"https:\/\/rco.be\/#\/schema\/logo\/image\/","url":"https:\/\/rco.be\/wp-content\/uploads\/2022\/06\/logo-rco-couleur-hd.png","contentUrl":"https:\/\/rco.be\/wp-content\/uploads\/2022\/06\/logo-rco-couleur-hd.png","width":266,"height":100,"caption":"RCO"},"image":{"@id":"https:\/\/rco.be\/#\/schema\/logo\/image\/"},"sameAs":["https:\/\/www.facebook.com\/RCOSMART\/"]}]}},"_links":{"self":[{"href":"https:\/\/rco.be\/en\/wp-json\/wp\/v2\/pages\/257","targetHints":{"allow":["GET"]}}],"collection":[{"href":"https:\/\/rco.be\/en\/wp-json\/wp\/v2\/pages"}],"about":[{"href":"https:\/\/rco.be\/en\/wp-json\/wp\/v2\/types\/page"}],"author":[{"embeddable":true,"href":"https:\/\/rco.be\/en\/wp-json\/wp\/v2\/users\/1"}],"replies":[{"embeddable":true,"href":"https:\/\/rco.be\/en\/wp-json\/wp\/v2\/comments?post=257"}],"version-history":[{"count":34,"href":"https:\/\/rco.be\/en\/wp-json\/wp\/v2\/pages\/257\/revisions"}],"predecessor-version":[{"id":2696,"href":"https:\/\/rco.be\/en\/wp-json\/wp\/v2\/pages\/257\/revisions\/2696"}],"up":[{"embeddable":true,"href":"https:\/\/rco.be\/en\/wp-json\/wp\/v2\/pages\/252"}],"wp:attachment":[{"href":"https:\/\/rco.be\/en\/wp-json\/wp\/v2\/media?parent=257"}],"curies":[{"name":"wp","href":"https:\/\/api.w.org\/{rel}","templated":true}]}}