{"id":4505,"date":"2024-05-13T10:42:18","date_gmt":"2024-05-13T08:42:18","guid":{"rendered":"https:\/\/rco.be\/?page_id=4505"},"modified":"2024-05-13T14:58:03","modified_gmt":"2024-05-13T12:58:03","slug":"conditions-generales-de-vente","status":"publish","type":"page","link":"https:\/\/rco.be\/en\/rco\/conditions-generales-de-vente\/","title":{"rendered":"Conditions g\u00e9n\u00e9rales de vente"},"content":{"rendered":"<div class=\"wpb-content-wrapper\"><div class=\"vc_row wpb_row vc_row-fluid vc_custom_1666127616766\"><div class=\"wpb_column vc_column_container vc_col-sm-12\"><div class=\"vc_column-inner\"><div class=\"wpb_wrapper\"><div id=\"ultimate-heading-936769eb8faedcdf3\" class=\"uvc-heading ult-adjust-bottom-margin ultimate-heading-936769eb8faedcdf3 uvc-1129  uvc-heading-default-font-sizes\" data-hspacer=\"no_spacer\"  data-halign=\"left\" style=\"text-align:left\"><div class=\"uvc-heading-spacer no_spacer\" style=\"top\"><\/div><div class=\"uvc-main-heading ult-responsive\"  data-ultimate-target='.uvc-heading.ultimate-heading-936769eb8faedcdf3 h2'  data-responsive-json-new='{\"font-size\":\"\",\"line-height\":\"\"}' ><h2 style=\"--font-weight:theme;margin-bottom:15px;\">CONDITIONS GENERALES DE VENTE<\/h2><\/div><\/div>\n\t<div class=\"wpb_text_column wpb_content_element  vc_custom_1715605041066\" >\n\t\t<div class=\"wpb_wrapper\">\n\t\t\t<p style=\"text-align: justify;\">1. GENERALITES<br \/>\nLes pr\u00e9sentes conditions g\u00e9n\u00e9rales ne pourront comporter aucune rature et sont d\u2019application \u00e0 l\u2019exclusion de toutes autres et notamment des conditions g\u00e9n\u00e9rales de nos contractants.<br \/>\n2. OFFRES ET CONFIRMATION DE VENTES<br \/>\nToutes nos offres ne nous engagent et ne sont valables que pour une dur\u00e9e de 30 jours. Nos tarifs peuvent \u00eatre modifi\u00e9s sans pr\u00e9avis.<br \/>\nNos offres et confirmation de commande sont faites sous toutes r\u00e9serves.<br \/>\nUne commande \u00e0 notre soci\u00e9t\u00e9 ne peut \u00eatre consid\u00e9r\u00e9e comme d\u00e9finitive qu\u2019apr\u00e8s acceptation \u00e9crite de notre part, et l\u2019on ne peut se pr\u00e9valoir des offres et engagements pris par nos agents.<br \/>\n3. PRIX<br \/>\nNos prix s\u2019entendent toujours H.T.V.A. , d\u00e9part nos ateliers, \u00e0 l\u2019exclusion du transport et du placement \u00e9ventuel qui sont \u00e0 charge du client.<br \/>\n4. LIVRAISON<br \/>\nLa date de livraison n\u2019est mentionn\u00e9e qu\u2019\u00e0 titre indicatif. Nous nous y conformons autant que possible. Toutefois, nous d\u00e9clinons toute responsabilit\u00e9 pour non livraison \u00e0 date fixe et ne reconnaissons aucun pr\u00e9judice ni dommage et int\u00e9r\u00eats pouvant en r\u00e9sulter, sauf stipulation expresse de notre part.<br \/>\n5. SUSPENSION, ANNULATION DU CONTRAT<br \/>\nTout cas de force majeure (g\u00e9n\u00e9ralement quelconque tels que par exemple gr\u00e8ves, troubles, guerres, etc,\u2026) nous donne le droit de suspendre l\u2019ex\u00e9cution d\u2019un contrat intervenu ou m\u00eame d\u2019annuler celui-ci en tout ou en partie.<br \/>\n6. PAIEMENT<br \/>\nNos factures sont payables au comptant, nettes et sans escompte, sauf stipulation contraire par \u00e9crit sur la facture. A d\u00e9faut de paiement \u00e0 l\u2019\u00e9ch\u00e9ance, le montant factur\u00e9 est productif, de plein droit et sans mise en demeure pr\u00e9alable d\u2019un int\u00e9r\u00eat de 12 % l\u2019an. En outre, il sera d\u00fb \u00e0 titre de dommage-int\u00e9r\u00eats forfaitairement convenus, une indemnit\u00e9 dont le montant sera de 15 % des sommes factur\u00e9es avec un minimum de 40,00 Euro par facture impay\u00e9e. Les traites ne sont pas accept\u00e9es.<br \/>\n7. RECLAMATIONS<br \/>\nToute r\u00e9clamation relative \u00e0 nos fournitures n\u2019est recevable que si elle est formul\u00e9e par \u00e9crit, dans les 5 jours de la r\u00e9ception de la marchandise. Pass\u00e9 ce d\u00e9lai, nos fournitures sont cens\u00e9es \u00eatre agr\u00e9es d\u00e9finitivement, ce qui exclut toute possibilit\u00e9 de r\u00e9clamation ult\u00e9rieure<br \/>\n8. COMPETENCE<br \/>\nEn cas de litige, les Tribunaux de Nivelles sont seuls comp\u00e9tents.<\/p>\n\n\t\t<\/div>\n\t<\/div>\n<div class=\"hr-thin style-dashed\" style=\"width: 100%;border-top-width: 2px;\"><\/div><div id=\"ultimate-heading-609169eb8faedd05d\" class=\"uvc-heading ult-adjust-bottom-margin ultimate-heading-609169eb8faedd05d uvc-4290  uvc-heading-default-font-sizes\" data-hspacer=\"no_spacer\"  data-halign=\"left\" style=\"text-align:left\"><div class=\"uvc-heading-spacer no_spacer\" style=\"top\"><\/div><div class=\"uvc-main-heading ult-responsive\"  data-ultimate-target='.uvc-heading.ultimate-heading-609169eb8faedd05d h2'  data-responsive-json-new='{\"font-size\":\"\",\"line-height\":\"\"}' ><h2 style=\"--font-weight:theme;margin-bottom:15px;\">ALGEMENE VERKOOPSVOORWAARDEN<\/h2><\/div><\/div>\n\t<div class=\"wpb_text_column wpb_content_element  vc_custom_1715605072401\" >\n\t\t<div class=\"wpb_wrapper\">\n\t\t\t<p style=\"text-align: justify;\">1. ALGEMEENHEDEN<br \/>\nEnkel de hieronder vermelde voorwaarden regelen de overeenkomst en sluiten alle andere, onder meer deze van onze &#8212;medekontraktanten uit. Geen enkelen vermelding mag worden doorgehaald.<br \/>\n2. OFFERTES EN VERKOOPBEVESTIGINGEN<br \/>\nAlle onze offertes verbinden ons slechts \u2013 en zijn geldig \u2013 voor een termijn van 30 dagen. Onze prijzen zijn in funktie van de huidige salarissen en van de kostprijs der grondstoffen. Ze mogen, zonder voorafgaande verwittiging, gewijzigd worden. Onze offertes en bevestigingen van ontvangst zijn vrijblijvend. Een bestelling die bij onze firma geplaatst werd kan slechts, na schriftelijk akkoord van onzentwege, als definitief worden beschouwd. De offertes en verbintenissen door onze agenten aangegaan, zijn slechts aanduidend en zijn niet bindend voor de vennootschap.<br \/>\n3. PRIJZEN<br \/>\nOnze prijzen zijn steeds af fabriek, eksklusief B.T.W. De transportkosten zijn ten laste van de klant.<br \/>\n4. LEVERING<br \/>\nDe leveringsdatum is slechts ten titel van aanduiding vermeld. Wij zullen er ons zo nauwkeurig mogelijk naar schikken. Wij weigeren in ieder geval elke verantwoordelijkheid voor het niet leveren op de vastgestelde datum en zullen geen enkel nadeel, noch de daaruit voortspruitende schade en vergoeding, herkennen tenzij wij uitdrukkelijk het tegendeel overeenkomen.<br \/>\n5. OPSCHORSING EN VERNIETIGING VAN DE OVEREENKOMST<br \/>\nElk geval van overmacht van om het even welke aard (zoals o.a. stakingen, onlusten, oorlog, enz.) geeft ons het recht de uitvoering van een overeenkomst op te schorsen of geheel of gedeeltelijk te annuleren.<br \/>\n6. BETALING<br \/>\nOnze fakturen zijn netto en zonder korting, kontant te betalen, tenzij een andere bedinging, schriftelijk op de faktuur vermeld wordt. In geval van niet-betaling bij het verstrijken van de termijn, blijft het gefaktureerde bedrag van rechtswege, en zonder voorafgaande aanmaning, eisbaar plus een interest van 12% op de verschuldigde som.<br \/>\nEr zal bovendien, een forfaitaire overeengekomen schadevergoeding ge\u00ebist worden, waarvan het bedrag gelijk zal zijn aan 15% van de gefaktureerde sommen met een minimum 40,00 Euro per niet-betaald faktuur. Wissels worden niet geaccepteerd.<br \/>\n7. KLACHTEN<br \/>\nKlachten met betrekking tot onze leveringen zijn slechts aanvaardbaar indien ze, binnen de 5 dagen na ontvangst van de goederen, schriftelijk worden ingediend. Na hogervermelde termijn, worden onze leveringen als definitief aanvaard geacht, hetgeen elke mogelijkheid voor laattijdige klachten uitsluit.<br \/>\n8. BEVOEGDE RECHTBANK VOOR GESCHILLEN<br \/>\nIn Geval van betwisting zijn enkel de rechtbanken van Nijvel, voor om het even welk, bevoegd.<\/p>\n\n\t\t<\/div>\n\t<\/div>\n<\/div><\/div><\/div><\/div>\n<\/div>","protected":false},"excerpt":{"rendered":"<p>CONDITIONS GENERALES DE VENTE 1. GENERALITES Les pr\u00e9sentes conditions g\u00e9n\u00e9rales ne pourront comporter aucune rature et sont d\u2019application \u00e0 l\u2019exclusion de toutes autres et notamment des conditions g\u00e9n\u00e9rales de nos contractants. 2. OFFRES ET CONFIRMATION DE VENTES Toutes nos offres ne nous engagent et ne sont valables que pour une dur\u00e9e de 30 jours. Nos&hellip;<\/p>","protected":false},"author":2,"featured_media":0,"parent":17,"menu_order":0,"comment_status":"closed","ping_status":"closed","template":"","meta":{"footnotes":""},"class_list":["post-4505","page","type-page","status-publish","hentry","description-off"],"yoast_head":"<!-- This site is optimized with the Yoast SEO plugin v27.1.1 - https:\/\/yoast.com\/product\/yoast-seo-wordpress\/ -->\n<title>Conditions g\u00e9n\u00e9rales de vente - RCO<\/title>\n<meta name=\"robots\" content=\"index, follow, max-snippet:-1, max-image-preview:large, max-video-preview:-1\" \/>\n<link rel=\"canonical\" href=\"https:\/\/rco.be\/en\/rco\/conditions-generales-de-vente\/\" \/>\n<meta property=\"og:locale\" content=\"en_GB\" \/>\n<meta property=\"og:type\" content=\"article\" \/>\n<meta property=\"og:title\" content=\"Conditions g\u00e9n\u00e9rales de vente - RCO\" \/>\n<meta property=\"og:url\" content=\"https:\/\/rco.be\/en\/rco\/conditions-generales-de-vente\/\" \/>\n<meta property=\"og:site_name\" content=\"RCO\" \/>\n<meta property=\"article:publisher\" content=\"https:\/\/www.facebook.com\/RCOSMART\/\" \/>\n<meta property=\"article:modified_time\" content=\"2024-05-13T12:58:03+00:00\" \/>\n<meta name=\"twitter:card\" content=\"summary_large_image\" \/>\n<meta name=\"twitter:label1\" content=\"Estimated reading time\" \/>\n\t<meta name=\"twitter:data1\" content=\"4 minutes\" \/>\n<script type=\"application\/ld+json\" class=\"yoast-schema-graph\">{\"@context\":\"https:\/\/schema.org\",\"@graph\":[{\"@type\":\"WebPage\",\"@id\":\"https:\/\/rco.be\/rco\/conditions-generales-de-vente\/\",\"url\":\"https:\/\/rco.be\/rco\/conditions-generales-de-vente\/\",\"name\":\"Conditions g\u00e9n\u00e9rales de vente - RCO\",\"isPartOf\":{\"@id\":\"https:\/\/rco.be\/#website\"},\"datePublished\":\"2024-05-13T08:42:18+00:00\",\"dateModified\":\"2024-05-13T12:58:03+00:00\",\"breadcrumb\":{\"@id\":\"https:\/\/rco.be\/rco\/conditions-generales-de-vente\/#breadcrumb\"},\"inLanguage\":\"en-GB\",\"potentialAction\":[{\"@type\":\"ReadAction\",\"target\":[\"https:\/\/rco.be\/rco\/conditions-generales-de-vente\/\"]}]},{\"@type\":\"BreadcrumbList\",\"@id\":\"https:\/\/rco.be\/rco\/conditions-generales-de-vente\/#breadcrumb\",\"itemListElement\":[{\"@type\":\"ListItem\",\"position\":1,\"name\":\"Accueil\",\"item\":\"https:\/\/rco.be\/\"},{\"@type\":\"ListItem\",\"position\":2,\"name\":\"RCO\",\"item\":\"https:\/\/rco.be\/\"},{\"@type\":\"ListItem\",\"position\":3,\"name\":\"Conditions g\u00e9n\u00e9rales de vente\"}]},{\"@type\":\"WebSite\",\"@id\":\"https:\/\/rco.be\/#website\",\"url\":\"https:\/\/rco.be\/\",\"name\":\"RCO\",\"description\":\"Concepteur de projets audiovisuels\",\"publisher\":{\"@id\":\"https:\/\/rco.be\/#organization\"},\"potentialAction\":[{\"@type\":\"SearchAction\",\"target\":{\"@type\":\"EntryPoint\",\"urlTemplate\":\"https:\/\/rco.be\/?s={search_term_string}\"},\"query-input\":{\"@type\":\"PropertyValueSpecification\",\"valueRequired\":true,\"valueName\":\"search_term_string\"}}],\"inLanguage\":\"en-GB\"},{\"@type\":\"Organization\",\"@id\":\"https:\/\/rco.be\/#organization\",\"name\":\"RCO\",\"url\":\"https:\/\/rco.be\/\",\"logo\":{\"@type\":\"ImageObject\",\"inLanguage\":\"en-GB\",\"@id\":\"https:\/\/rco.be\/#\/schema\/logo\/image\/\",\"url\":\"https:\/\/rco.be\/wp-content\/uploads\/2022\/06\/logo-rco-couleur-hd.png\",\"contentUrl\":\"https:\/\/rco.be\/wp-content\/uploads\/2022\/06\/logo-rco-couleur-hd.png\",\"width\":266,\"height\":100,\"caption\":\"RCO\"},\"image\":{\"@id\":\"https:\/\/rco.be\/#\/schema\/logo\/image\/\"},\"sameAs\":[\"https:\/\/www.facebook.com\/RCOSMART\/\"]}]}<\/script>\n<!-- \/ Yoast SEO plugin. -->","yoast_head_json":{"title":"Conditions g\u00e9n\u00e9rales de vente - RCO","robots":{"index":"index","follow":"follow","max-snippet":"max-snippet:-1","max-image-preview":"max-image-preview:large","max-video-preview":"max-video-preview:-1"},"canonical":"https:\/\/rco.be\/en\/rco\/conditions-generales-de-vente\/","og_locale":"en_GB","og_type":"article","og_title":"Conditions g\u00e9n\u00e9rales de vente - RCO","og_url":"https:\/\/rco.be\/en\/rco\/conditions-generales-de-vente\/","og_site_name":"RCO","article_publisher":"https:\/\/www.facebook.com\/RCOSMART\/","article_modified_time":"2024-05-13T12:58:03+00:00","twitter_card":"summary_large_image","twitter_misc":{"Estimated reading time":"4 minutes"},"schema":{"@context":"https:\/\/schema.org","@graph":[{"@type":"WebPage","@id":"https:\/\/rco.be\/rco\/conditions-generales-de-vente\/","url":"https:\/\/rco.be\/rco\/conditions-generales-de-vente\/","name":"Conditions g\u00e9n\u00e9rales de vente - RCO","isPartOf":{"@id":"https:\/\/rco.be\/#website"},"datePublished":"2024-05-13T08:42:18+00:00","dateModified":"2024-05-13T12:58:03+00:00","breadcrumb":{"@id":"https:\/\/rco.be\/rco\/conditions-generales-de-vente\/#breadcrumb"},"inLanguage":"en-GB","potentialAction":[{"@type":"ReadAction","target":["https:\/\/rco.be\/rco\/conditions-generales-de-vente\/"]}]},{"@type":"BreadcrumbList","@id":"https:\/\/rco.be\/rco\/conditions-generales-de-vente\/#breadcrumb","itemListElement":[{"@type":"ListItem","position":1,"name":"Accueil","item":"https:\/\/rco.be\/"},{"@type":"ListItem","position":2,"name":"RCO","item":"https:\/\/rco.be\/"},{"@type":"ListItem","position":3,"name":"Conditions g\u00e9n\u00e9rales de vente"}]},{"@type":"WebSite","@id":"https:\/\/rco.be\/#website","url":"https:\/\/rco.be\/","name":"RCO","description":"Audiovisual Project Designer","publisher":{"@id":"https:\/\/rco.be\/#organization"},"potentialAction":[{"@type":"SearchAction","target":{"@type":"EntryPoint","urlTemplate":"https:\/\/rco.be\/?s={search_term_string}"},"query-input":{"@type":"PropertyValueSpecification","valueRequired":true,"valueName":"search_term_string"}}],"inLanguage":"en-GB"},{"@type":"Organization","@id":"https:\/\/rco.be\/#organization","name":"RCO","url":"https:\/\/rco.be\/","logo":{"@type":"ImageObject","inLanguage":"en-GB","@id":"https:\/\/rco.be\/#\/schema\/logo\/image\/","url":"https:\/\/rco.be\/wp-content\/uploads\/2022\/06\/logo-rco-couleur-hd.png","contentUrl":"https:\/\/rco.be\/wp-content\/uploads\/2022\/06\/logo-rco-couleur-hd.png","width":266,"height":100,"caption":"RCO"},"image":{"@id":"https:\/\/rco.be\/#\/schema\/logo\/image\/"},"sameAs":["https:\/\/www.facebook.com\/RCOSMART\/"]}]}},"_links":{"self":[{"href":"https:\/\/rco.be\/en\/wp-json\/wp\/v2\/pages\/4505","targetHints":{"allow":["GET"]}}],"collection":[{"href":"https:\/\/rco.be\/en\/wp-json\/wp\/v2\/pages"}],"about":[{"href":"https:\/\/rco.be\/en\/wp-json\/wp\/v2\/types\/page"}],"author":[{"embeddable":true,"href":"https:\/\/rco.be\/en\/wp-json\/wp\/v2\/users\/2"}],"replies":[{"embeddable":true,"href":"https:\/\/rco.be\/en\/wp-json\/wp\/v2\/comments?post=4505"}],"version-history":[{"count":3,"href":"https:\/\/rco.be\/en\/wp-json\/wp\/v2\/pages\/4505\/revisions"}],"predecessor-version":[{"id":4509,"href":"https:\/\/rco.be\/en\/wp-json\/wp\/v2\/pages\/4505\/revisions\/4509"}],"up":[{"embeddable":true,"href":"https:\/\/rco.be\/en\/wp-json\/wp\/v2\/pages\/17"}],"wp:attachment":[{"href":"https:\/\/rco.be\/en\/wp-json\/wp\/v2\/media?parent=4505"}],"curies":[{"name":"wp","href":"https:\/\/api.w.org\/{rel}","templated":true}]}}